{"id":2411,"date":"2022-05-24T00:06:28","date_gmt":"2022-05-23T22:06:28","guid":{"rendered":"https:\/\/www.svejkmuseum.cz\/wp\/?post_type=product&#038;p=2411"},"modified":"2022-05-29T08:41:19","modified_gmt":"2022-05-29T06:41:19","slug":"j38","status":"publish","type":"product","link":"https:\/\/www.svejkmuseum.cz\/wp\/produkt\/j38\/","title":{"rendered":"Pozem\u0161\u0165an\u00e9 a mimozem\u0161\u0165an\u00e9"},"content":{"rendered":"<p><span class=\"start_text\">Antologie v\u011bdeckofantas\u00adtick\u00fdch pov\u00eddek autor\u016f z \u010ceskoslovenska, Polska, SSSR, USA, \u0160v\u00e9dska a Velk\u00e9 Brit\u00e1nie.<br \/>\nFredric Brown &#8211; V tom n\u011bkdo zaklepal na dve\u0159e<br \/>\nJanusz A. Zajdel &#8211; Pr\u00e1vo na n\u00e1vrat<br \/>\nWilliam Tenn &#8211; Venu\u0161e a sedmero pohlav\u00ed<br \/>\nJi\u0159\u00ed Netrval &#8211; Styx<br \/>\nSam J. Lundwall &#8211; Nic pro hrdiny<br \/>\nFrederik Pohl &#8211; Tunel pod sv\u011btem<br \/>\nArkadij a Boris Struga<\/span><span class=\"end_text et_17714\">ckij &#8211; Druh\u00e1 invaze Mar\u0165an\u016f (Den\u00edk poctiv\u011b sm\u00fd\u0161lej\u00edc\u00edho ob\u010dana)<br \/>\nJohn Wyndham &#8211; Pak p\u0159ijde \u010das a mu\u017e se mus\u00ed usadit<\/span><\/p>\n","protected":false},"excerpt":{"rendered":"<p>Autor: R\u016fzn\u00ed auto\u0159i<\/p>\n<p>Editor: Ivo \u017delezn\u00fd<\/p>\n<p>N\u00e1zev: Pozem\u0161\u0165an\u00e9 a mimozem\u0161\u0165an\u00e9<\/p>\n<p>Podtitul:<\/p>\n<p>Rok vyd\u00e1n\u00ed: 1981 Svoboda<\/p>\n","protected":false},"featured_media":2395,"template":"","meta":[],"product_brand":[],"product_cat":[206,82,77,50],"product_tag":[230],"class_list":{"0":"post-2411","1":"product","2":"type-product","3":"status-publish","4":"has-post-thumbnail","6":"product_cat-horor","7":"product_cat-vse_za_stovku","8":"product_cat-povidky","9":"product_cat-proza","10":"product_tag-svoboda","11":"pa_barva-cerne","12":"pa_prebal-posk_prebal","13":"pa_stav-bezny","14":"pa_vazba-kplatno","16":"first","17":"instock","18":"shipping-taxable","19":"purchasable","20":"product-type-simple"},"jetpack-related-posts":[{"id":1121,"url":"https:\/\/www.svejkmuseum.cz\/wp\/produkt\/c13-kopirovat\/","url_meta":{"origin":2411,"position":0},"title":"D\u017eb\u00e1n \u017e\u00edzn\u011b","author":"Jaroslav \u0160er\u00e1k","date":"8. 2. 2022","format":false,"excerpt":"Autor: R\u016fzn\u00ed auto\u0159i Editor: Mlad\u00e1 fronta N\u00e1zev: D\u017eb\u00e1n \u017e\u00edzn\u011b Podtitul: Star\u00e1 arabsk\u00e1 poezie Rok vyd\u00e1n\u00ed: 1966","rel":"","context":"Podobn\u00fd p\u0159\u00edsp\u011bvek","block_context":{"text":"Podobn\u00fd p\u0159\u00edsp\u011bvek","link":""},"img":{"alt_text":"","src":"https:\/\/i0.wp.com\/www.svejkmuseum.cz\/wp\/wp-content\/uploads\/2022\/02\/stara-arabska-poezie-1.jpg?resize=350%2C200&ssl=1","width":350,"height":200,"srcset":"https:\/\/i0.wp.com\/www.svejkmuseum.cz\/wp\/wp-content\/uploads\/2022\/02\/stara-arabska-poezie-1.jpg?resize=350%2C200&ssl=1 1x, https:\/\/i0.wp.com\/www.svejkmuseum.cz\/wp\/wp-content\/uploads\/2022\/02\/stara-arabska-poezie-1.jpg?resize=525%2C300&ssl=1 1.5x, https:\/\/i0.wp.com\/www.svejkmuseum.cz\/wp\/wp-content\/uploads\/2022\/02\/stara-arabska-poezie-1.jpg?resize=700%2C400&ssl=1 2x, https:\/\/i0.wp.com\/www.svejkmuseum.cz\/wp\/wp-content\/uploads\/2022\/02\/stara-arabska-poezie-1.jpg?resize=1050%2C600&ssl=1 3x, https:\/\/i0.wp.com\/www.svejkmuseum.cz\/wp\/wp-content\/uploads\/2022\/02\/stara-arabska-poezie-1.jpg?resize=1400%2C800&ssl=1 4x"},"classes":[]},{"id":1387,"url":"https:\/\/www.svejkmuseum.cz\/wp\/produkt\/e15\/","url_meta":{"origin":2411,"position":1},"title":"\u0160umava | turistick\u00fd pr\u016fvodce","author":"Jaroslav \u0160er\u00e1k","date":"21. 2. 2022","format":false,"excerpt":"Autor: kolektiv autor\u016f Editor: N\u00e1zev: \u0160umava Podtitul: turistick\u00fd pr\u016fvodce Rok vyd\u00e1n\u00ed: 1986 Olympia","rel":"","context":"Podobn\u00fd p\u0159\u00edsp\u011bvek","block_context":{"text":"Podobn\u00fd p\u0159\u00edsp\u011bvek","link":""},"img":{"alt_text":"","src":"https:\/\/i0.wp.com\/www.svejkmuseum.cz\/wp\/wp-content\/uploads\/2022\/02\/tur-pruv-sumava-2.jpg?resize=350%2C200&ssl=1","width":350,"height":200,"srcset":"https:\/\/i0.wp.com\/www.svejkmuseum.cz\/wp\/wp-content\/uploads\/2022\/02\/tur-pruv-sumava-2.jpg?resize=350%2C200&ssl=1 1x, https:\/\/i0.wp.com\/www.svejkmuseum.cz\/wp\/wp-content\/uploads\/2022\/02\/tur-pruv-sumava-2.jpg?resize=525%2C300&ssl=1 1.5x, https:\/\/i0.wp.com\/www.svejkmuseum.cz\/wp\/wp-content\/uploads\/2022\/02\/tur-pruv-sumava-2.jpg?resize=700%2C400&ssl=1 2x, https:\/\/i0.wp.com\/www.svejkmuseum.cz\/wp\/wp-content\/uploads\/2022\/02\/tur-pruv-sumava-2.jpg?resize=1050%2C600&ssl=1 3x, https:\/\/i0.wp.com\/www.svejkmuseum.cz\/wp\/wp-content\/uploads\/2022\/02\/tur-pruv-sumava-2.jpg?resize=1400%2C800&ssl=1 4x"},"classes":[]},{"id":1388,"url":"https:\/\/www.svejkmuseum.cz\/wp\/produkt\/e16\/","url_meta":{"origin":2411,"position":2},"title":"600 + 1 v\u00fdlet","author":"Jaroslav \u0160er\u00e1k","date":"21. 2. 2022","format":false,"excerpt":"Autor: kolektiv autor\u016f Editor: N\u00e1zev: 600+1 v\u00fdlet Podtitul: Pro z\u00e1kazn\u00edky a p\u0159\u00e1tele \u0160kofinu Rok vyd\u00e1n\u00ed: 1997 \u0160kofin","rel":"","context":"Podobn\u00fd p\u0159\u00edsp\u011bvek","block_context":{"text":"Podobn\u00fd p\u0159\u00edsp\u011bvek","link":""},"img":{"alt_text":"","src":"https:\/\/i0.wp.com\/www.svejkmuseum.cz\/wp\/wp-content\/uploads\/2022\/02\/601vyletu-1-scaled.jpg?resize=350%2C200&ssl=1","width":350,"height":200,"srcset":"https:\/\/i0.wp.com\/www.svejkmuseum.cz\/wp\/wp-content\/uploads\/2022\/02\/601vyletu-1-scaled.jpg?resize=350%2C200&ssl=1 1x, https:\/\/i0.wp.com\/www.svejkmuseum.cz\/wp\/wp-content\/uploads\/2022\/02\/601vyletu-1-scaled.jpg?resize=525%2C300&ssl=1 1.5x, https:\/\/i0.wp.com\/www.svejkmuseum.cz\/wp\/wp-content\/uploads\/2022\/02\/601vyletu-1-scaled.jpg?resize=700%2C400&ssl=1 2x, https:\/\/i0.wp.com\/www.svejkmuseum.cz\/wp\/wp-content\/uploads\/2022\/02\/601vyletu-1-scaled.jpg?resize=1050%2C600&ssl=1 3x, https:\/\/i0.wp.com\/www.svejkmuseum.cz\/wp\/wp-content\/uploads\/2022\/02\/601vyletu-1-scaled.jpg?resize=1400%2C800&ssl=1 4x"},"classes":[]},{"id":1389,"url":"https:\/\/www.svejkmuseum.cz\/wp\/produkt\/e17\/","url_meta":{"origin":2411,"position":3},"title":"Mapa kulturn\u00edch pam\u00e1tek \u010cSSR","author":"Jaroslav \u0160er\u00e1k","date":"21. 2. 2022","format":false,"excerpt":"Autor: kolektiv autor\u016f Editor: N\u00e1zev: Mapa kulturn\u00edch pam\u00e1tek \u010cSSR Podtitul: Rok vyd\u00e1n\u00ed: 1976","rel":"","context":"Podobn\u00fd p\u0159\u00edsp\u011bvek","block_context":{"text":"Podobn\u00fd p\u0159\u00edsp\u011bvek","link":""},"img":{"alt_text":"","src":"https:\/\/i0.wp.com\/www.svejkmuseum.cz\/wp\/wp-content\/uploads\/2022\/02\/mapa-kultur-pamatek-cssr-1.jpg?resize=350%2C200&ssl=1","width":350,"height":200,"srcset":"https:\/\/i0.wp.com\/www.svejkmuseum.cz\/wp\/wp-content\/uploads\/2022\/02\/mapa-kultur-pamatek-cssr-1.jpg?resize=350%2C200&ssl=1 1x, https:\/\/i0.wp.com\/www.svejkmuseum.cz\/wp\/wp-content\/uploads\/2022\/02\/mapa-kultur-pamatek-cssr-1.jpg?resize=525%2C300&ssl=1 1.5x, https:\/\/i0.wp.com\/www.svejkmuseum.cz\/wp\/wp-content\/uploads\/2022\/02\/mapa-kultur-pamatek-cssr-1.jpg?resize=700%2C400&ssl=1 2x, https:\/\/i0.wp.com\/www.svejkmuseum.cz\/wp\/wp-content\/uploads\/2022\/02\/mapa-kultur-pamatek-cssr-1.jpg?resize=1050%2C600&ssl=1 3x, https:\/\/i0.wp.com\/www.svejkmuseum.cz\/wp\/wp-content\/uploads\/2022\/02\/mapa-kultur-pamatek-cssr-1.jpg?resize=1400%2C800&ssl=1 4x"},"classes":[]},{"id":748,"url":"https:\/\/www.svejkmuseum.cz\/wp\/produkt\/karlovarske-rapsodie\/","url_meta":{"origin":2411,"position":4},"title":"Karlovarsk\u00e9 rapsodie","author":"Jaroslav \u0160er\u00e1k","date":"14. 1. 2022","format":false,"excerpt":"Autor: Radko Pytl\u00edk Editor: N\u00e1zev: Karlovarsk\u00e9 rapsodie Podtitul: Rok vyd\u00e1n\u00ed: 2005","rel":"","context":"Podobn\u00fd p\u0159\u00edsp\u011bvek","block_context":{"text":"Podobn\u00fd p\u0159\u00edsp\u011bvek","link":""},"img":{"alt_text":"","src":"https:\/\/i0.wp.com\/www.svejkmuseum.cz\/wp\/wp-content\/uploads\/2022\/01\/karlovarske_rapsodie0001.jpg?resize=350%2C200&ssl=1","width":350,"height":200,"srcset":"https:\/\/i0.wp.com\/www.svejkmuseum.cz\/wp\/wp-content\/uploads\/2022\/01\/karlovarske_rapsodie0001.jpg?resize=350%2C200&ssl=1 1x, https:\/\/i0.wp.com\/www.svejkmuseum.cz\/wp\/wp-content\/uploads\/2022\/01\/karlovarske_rapsodie0001.jpg?resize=525%2C300&ssl=1 1.5x, https:\/\/i0.wp.com\/www.svejkmuseum.cz\/wp\/wp-content\/uploads\/2022\/01\/karlovarske_rapsodie0001.jpg?resize=700%2C400&ssl=1 2x"},"classes":[]},{"id":1296,"url":"https:\/\/www.svejkmuseum.cz\/wp\/produkt\/e1\/","url_meta":{"origin":2411,"position":5},"title":"Kav\u00e1rny &#038; spol.","author":"Jaroslav \u0160er\u00e1k","date":"17. 2. 2022","format":false,"excerpt":"Autor: r\u016fzn\u00ed auto\u0159i Editor: Karl Heinz J\u00e4hn N\u00e1zev: Kav\u00e1rny & spol. Podtitul: Pra\u017esk\u00e9 liter\u00e1rn\u00ed kav\u00e1rny a hospody. Rok vyd\u00e1n\u00ed: 1990","rel":"","context":"Podobn\u00fd p\u0159\u00edsp\u011bvek","block_context":{"text":"Podobn\u00fd p\u0159\u00edsp\u011bvek","link":""},"img":{"alt_text":"","src":"https:\/\/i0.wp.com\/www.svejkmuseum.cz\/wp\/wp-content\/uploads\/2022\/02\/kavarny-a-spol-1-scaled.jpg?resize=350%2C200&ssl=1","width":350,"height":200,"srcset":"https:\/\/i0.wp.com\/www.svejkmuseum.cz\/wp\/wp-content\/uploads\/2022\/02\/kavarny-a-spol-1-scaled.jpg?resize=350%2C200&ssl=1 1x, https:\/\/i0.wp.com\/www.svejkmuseum.cz\/wp\/wp-content\/uploads\/2022\/02\/kavarny-a-spol-1-scaled.jpg?resize=525%2C300&ssl=1 1.5x, https:\/\/i0.wp.com\/www.svejkmuseum.cz\/wp\/wp-content\/uploads\/2022\/02\/kavarny-a-spol-1-scaled.jpg?resize=700%2C400&ssl=1 2x, https:\/\/i0.wp.com\/www.svejkmuseum.cz\/wp\/wp-content\/uploads\/2022\/02\/kavarny-a-spol-1-scaled.jpg?resize=1050%2C600&ssl=1 3x, https:\/\/i0.wp.com\/www.svejkmuseum.cz\/wp\/wp-content\/uploads\/2022\/02\/kavarny-a-spol-1-scaled.jpg?resize=1400%2C800&ssl=1 4x"},"classes":[]}],"jetpack_sharing_enabled":true,"_links":{"self":[{"href":"https:\/\/www.svejkmuseum.cz\/wp\/wp-json\/wp\/v2\/product\/2411","targetHints":{"allow":["GET"]}}],"collection":[{"href":"https:\/\/www.svejkmuseum.cz\/wp\/wp-json\/wp\/v2\/product"}],"about":[{"href":"https:\/\/www.svejkmuseum.cz\/wp\/wp-json\/wp\/v2\/types\/product"}],"wp:featuredmedia":[{"embeddable":true,"href":"https:\/\/www.svejkmuseum.cz\/wp\/wp-json\/wp\/v2\/media\/2395"}],"wp:attachment":[{"href":"https:\/\/www.svejkmuseum.cz\/wp\/wp-json\/wp\/v2\/media?parent=2411"}],"wp:term":[{"taxonomy":"product_brand","embeddable":true,"href":"https:\/\/www.svejkmuseum.cz\/wp\/wp-json\/wp\/v2\/product_brand?post=2411"},{"taxonomy":"product_cat","embeddable":true,"href":"https:\/\/www.svejkmuseum.cz\/wp\/wp-json\/wp\/v2\/product_cat?post=2411"},{"taxonomy":"product_tag","embeddable":true,"href":"https:\/\/www.svejkmuseum.cz\/wp\/wp-json\/wp\/v2\/product_tag?post=2411"}],"curies":[{"name":"wp","href":"https:\/\/api.w.org\/{rel}","templated":true}]}}