{"id":2410,"date":"2022-05-24T00:06:17","date_gmt":"2022-05-23T22:06:17","guid":{"rendered":"https:\/\/www.svejkmuseum.cz\/wp\/?post_type=product&#038;p=2410"},"modified":"2022-05-28T01:19:20","modified_gmt":"2022-05-27T23:19:20","slug":"j37","status":"publish","type":"product","link":"https:\/\/www.svejkmuseum.cz\/wp\/produkt\/j37\/","title":{"rendered":"Tajemstv\u00ed obraz\u00e1rny | Zl\u00e1 minuta"},"content":{"rendered":"<p id=\"bdetdesc\" class=\"justify new2 odtop_big\"><span class=\"start_text\">V soukrom\u00e9 sb\u00edrce obraz\u016f zkrachoval\u00e9ho pra\u017esk\u00e9ho milion\u00e1\u0159e dojde ke kr\u00e1de\u017ei a vra\u017ed\u011b. Po stop\u00e1ch vraha se vyd\u00e1va proslul\u00fd detektiv Klub\u00ed\u010dko&#8230;. Kniha vy\u0161la poprv\u00e9 v r. 1928, ale na sv\u00e9 nap\u00ednavosti neztr\u00e1c\u00ed ani dnes.<br \/>\nDetektiv Klub\u00ed\u010dko je postaven p\u0159ed novou z\u00e1hadu. Kdo zavra\u017edil kr\u00e1snou mladou d\u00edvku? \u0158e\u0161en\u00ed p\u0159\u00edpadu Klub\u00ed\u010dkovi\u00a0<\/span><span class=\"end_text et_63636\">umo\u017en\u00ed psychologick\u00e1 anal\u00fdza, zkoum\u00e1n\u00ed charakteru i motivac\u00ed zainteresovan\u00fdch osob. P\u0159\u00edb\u011bh, sv\u011bd\u010d\u00edc\u00ed o autorov\u011b velk\u00e9m charakteriza\u010dn\u00edm um\u011bn\u00ed i fabula\u010dn\u00ed dovednosti, udr\u017e\u00ed \u010dten\u00e1\u0159e v nap\u011bt\u00ed do posledn\u00edho okam\u017eiku.<\/span><a id=\"63636\" class=\"show_hide_more ll\" href=\"https:\/\/www.databazeknih.cz\/\"><\/a><\/p>\n<div class=\"clear_right\"><\/div>\n","protected":false},"excerpt":{"rendered":"<p>Autor: Emil Vachek<\/p>\n<p>Editor:<\/p>\n<p>N\u00e1zev: Tajemstv\u00ed obraz\u00e1rny | Zl\u00e1 minuta<\/p>\n<p>Podtitul:<\/p>\n<p>Rok vyd\u00e1n\u00ed: 1986 \u010ceskoslovensk\u00fd spisovatel<\/p>\n","protected":false},"featured_media":2398,"template":"","meta":[],"product_brand":[],"product_cat":[209,82,77,50],"product_tag":[93,231],"class_list":{"0":"post-2410","1":"product","2":"type-product","3":"status-publish","4":"has-post-thumbnail","6":"product_cat-detektivni","7":"product_cat-vse_za_stovku","8":"product_cat-povidky","9":"product_cat-proza","10":"product_tag-ceskoslovensky-spisovatel","11":"product_tag-emil-vachek","12":"pa_barva-cerne","13":"pa_prebal-bez_prebalu","14":"pa_stav-bezny","15":"pa_vazba-brozura","17":"first","18":"instock","19":"shipping-taxable","20":"purchasable","21":"product-type-simple"},"jetpack-related-posts":[{"id":2366,"url":"https:\/\/www.svejkmuseum.cz\/wp\/produkt\/j29\/","url_meta":{"origin":2410,"position":0},"title":"Tov\u00e1rna na absolutno | Krakatit","author":"Jaroslav \u0160er\u00e1k","date":"21. 5. 2022","format":false,"excerpt":"Autor: Karel \u010capek Editor: N\u00e1zev: Tov\u00e1rna na absolutno | Krakatit Podtitul: Spisy III Rok vyd\u00e1n\u00ed: 1982 \u010ceskoslovensk\u00fd spisovatel","rel":"","context":"Podobn\u00fd p\u0159\u00edsp\u011bvek","block_context":{"text":"Podobn\u00fd p\u0159\u00edsp\u011bvek","link":""},"img":{"alt_text":"","src":"https:\/\/i0.wp.com\/www.svejkmuseum.cz\/wp\/wp-content\/uploads\/2022\/06\/capek-tovarna-na-absolutno-krakatit.jpg?resize=350%2C200&ssl=1","width":350,"height":200,"srcset":"https:\/\/i0.wp.com\/www.svejkmuseum.cz\/wp\/wp-content\/uploads\/2022\/06\/capek-tovarna-na-absolutno-krakatit.jpg?resize=350%2C200&ssl=1 1x, https:\/\/i0.wp.com\/www.svejkmuseum.cz\/wp\/wp-content\/uploads\/2022\/06\/capek-tovarna-na-absolutno-krakatit.jpg?resize=525%2C300&ssl=1 1.5x, https:\/\/i0.wp.com\/www.svejkmuseum.cz\/wp\/wp-content\/uploads\/2022\/06\/capek-tovarna-na-absolutno-krakatit.jpg?resize=700%2C400&ssl=1 2x, https:\/\/i0.wp.com\/www.svejkmuseum.cz\/wp\/wp-content\/uploads\/2022\/06\/capek-tovarna-na-absolutno-krakatit.jpg?resize=1050%2C600&ssl=1 3x, https:\/\/i0.wp.com\/www.svejkmuseum.cz\/wp\/wp-content\/uploads\/2022\/06\/capek-tovarna-na-absolutno-krakatit.jpg?resize=1400%2C800&ssl=1 4x"},"classes":[]},{"id":2015,"url":"https:\/\/www.svejkmuseum.cz\/wp\/produkt\/i25\/","url_meta":{"origin":2410,"position":1},"title":"Nebezpe\u010dn\u00e9 k\u0159ivky","author":"Jaroslav \u0160er\u00e1k","date":"15. 4. 2022","format":false,"excerpt":"Autor: ErleStanley Gardner Editor: N\u00e1zev: Nebezpe\u010dn\u00e9 k\u0159ivky Podtitul: Tajemstv\u00ed Donalda Lama a Berty Coolov\u00e9 Rok vyd\u00e1n\u00ed: 1997 JEVA","rel":"","context":"Podobn\u00fd p\u0159\u00edsp\u011bvek","block_context":{"text":"Podobn\u00fd p\u0159\u00edsp\u011bvek","link":""},"img":{"alt_text":"","src":"https:\/\/i0.wp.com\/www.svejkmuseum.cz\/wp\/wp-content\/uploads\/2022\/04\/nebezpecne-krivky-1-scaled.jpg?resize=350%2C200&ssl=1","width":350,"height":200,"srcset":"https:\/\/i0.wp.com\/www.svejkmuseum.cz\/wp\/wp-content\/uploads\/2022\/04\/nebezpecne-krivky-1-scaled.jpg?resize=350%2C200&ssl=1 1x, https:\/\/i0.wp.com\/www.svejkmuseum.cz\/wp\/wp-content\/uploads\/2022\/04\/nebezpecne-krivky-1-scaled.jpg?resize=525%2C300&ssl=1 1.5x, https:\/\/i0.wp.com\/www.svejkmuseum.cz\/wp\/wp-content\/uploads\/2022\/04\/nebezpecne-krivky-1-scaled.jpg?resize=700%2C400&ssl=1 2x, https:\/\/i0.wp.com\/www.svejkmuseum.cz\/wp\/wp-content\/uploads\/2022\/04\/nebezpecne-krivky-1-scaled.jpg?resize=1050%2C600&ssl=1 3x, https:\/\/i0.wp.com\/www.svejkmuseum.cz\/wp\/wp-content\/uploads\/2022\/04\/nebezpecne-krivky-1-scaled.jpg?resize=1400%2C800&ssl=1 4x"},"classes":[]},{"id":1910,"url":"https:\/\/www.svejkmuseum.cz\/wp\/produkt\/i6\/","url_meta":{"origin":2410,"position":2},"title":"J\u00e1ma a kyvadlo","author":"Jaroslav \u0160er\u00e1k","date":"8. 4. 2022","format":false,"excerpt":"Autor: A. E. Poe Editor: N\u00e1zev: J\u00e1ma a Kyvadlo Podtitul: & jin\u00e9 pov\u00eddky Rok vyd\u00e1n\u00ed: 1988 ODEON","rel":"","context":"Podobn\u00fd p\u0159\u00edsp\u011bvek","block_context":{"text":"Podobn\u00fd p\u0159\u00edsp\u011bvek","link":""},"img":{"alt_text":"","src":"https:\/\/i0.wp.com\/www.svejkmuseum.cz\/wp\/wp-content\/uploads\/2022\/04\/jama-a-kyvadlo-1.jpg?resize=350%2C200&ssl=1","width":350,"height":200,"srcset":"https:\/\/i0.wp.com\/www.svejkmuseum.cz\/wp\/wp-content\/uploads\/2022\/04\/jama-a-kyvadlo-1.jpg?resize=350%2C200&ssl=1 1x, https:\/\/i0.wp.com\/www.svejkmuseum.cz\/wp\/wp-content\/uploads\/2022\/04\/jama-a-kyvadlo-1.jpg?resize=525%2C300&ssl=1 1.5x, https:\/\/i0.wp.com\/www.svejkmuseum.cz\/wp\/wp-content\/uploads\/2022\/04\/jama-a-kyvadlo-1.jpg?resize=700%2C400&ssl=1 2x, https:\/\/i0.wp.com\/www.svejkmuseum.cz\/wp\/wp-content\/uploads\/2022\/04\/jama-a-kyvadlo-1.jpg?resize=1050%2C600&ssl=1 3x, https:\/\/i0.wp.com\/www.svejkmuseum.cz\/wp\/wp-content\/uploads\/2022\/04\/jama-a-kyvadlo-1.jpg?resize=1400%2C800&ssl=1 4x"},"classes":[]},{"id":1997,"url":"https:\/\/www.svejkmuseum.cz\/wp\/produkt\/i12\/","url_meta":{"origin":2410,"position":3},"title":"Plav\u00fd k\u016f\u0148","author":"Jaroslav \u0160er\u00e1k","date":"12. 4. 2022","format":false,"excerpt":"Autor: Agatha Christie Editor: N\u00e1zev: Plav\u00fd k\u016f\u0148 Podtitul: Rok vyd\u00e1n\u00ed: 1984 Pr\u00e1ce","rel":"","context":"Podobn\u00fd p\u0159\u00edsp\u011bvek","block_context":{"text":"Podobn\u00fd p\u0159\u00edsp\u011bvek","link":""},"img":{"alt_text":"","src":"https:\/\/i0.wp.com\/www.svejkmuseum.cz\/wp\/wp-content\/uploads\/2022\/04\/plavy-kun-1-scaled.jpg?resize=350%2C200&ssl=1","width":350,"height":200,"srcset":"https:\/\/i0.wp.com\/www.svejkmuseum.cz\/wp\/wp-content\/uploads\/2022\/04\/plavy-kun-1-scaled.jpg?resize=350%2C200&ssl=1 1x, https:\/\/i0.wp.com\/www.svejkmuseum.cz\/wp\/wp-content\/uploads\/2022\/04\/plavy-kun-1-scaled.jpg?resize=525%2C300&ssl=1 1.5x, https:\/\/i0.wp.com\/www.svejkmuseum.cz\/wp\/wp-content\/uploads\/2022\/04\/plavy-kun-1-scaled.jpg?resize=700%2C400&ssl=1 2x, https:\/\/i0.wp.com\/www.svejkmuseum.cz\/wp\/wp-content\/uploads\/2022\/04\/plavy-kun-1-scaled.jpg?resize=1050%2C600&ssl=1 3x, https:\/\/i0.wp.com\/www.svejkmuseum.cz\/wp\/wp-content\/uploads\/2022\/04\/plavy-kun-1-scaled.jpg?resize=1400%2C800&ssl=1 4x"},"classes":[]},{"id":2411,"url":"https:\/\/www.svejkmuseum.cz\/wp\/produkt\/j38\/","url_meta":{"origin":2410,"position":4},"title":"Pozem\u0161\u0165an\u00e9 a mimozem\u0161\u0165an\u00e9","author":"Jaroslav \u0160er\u00e1k","date":"24. 5. 2022","format":false,"excerpt":"Autor: R\u016fzn\u00ed auto\u0159i Editor: Ivo \u017delezn\u00fd N\u00e1zev: Pozem\u0161\u0165an\u00e9 a mimozem\u0161\u0165an\u00e9 Podtitul: Rok vyd\u00e1n\u00ed: 1981 Svoboda","rel":"","context":"Podobn\u00fd p\u0159\u00edsp\u011bvek","block_context":{"text":"Podobn\u00fd p\u0159\u00edsp\u011bvek","link":""},"img":{"alt_text":"","src":"https:\/\/i0.wp.com\/www.svejkmuseum.cz\/wp\/wp-content\/uploads\/2022\/05\/pozemstane-a-mimozemstane.jpg?resize=350%2C200&ssl=1","width":350,"height":200,"srcset":"https:\/\/i0.wp.com\/www.svejkmuseum.cz\/wp\/wp-content\/uploads\/2022\/05\/pozemstane-a-mimozemstane.jpg?resize=350%2C200&ssl=1 1x, https:\/\/i0.wp.com\/www.svejkmuseum.cz\/wp\/wp-content\/uploads\/2022\/05\/pozemstane-a-mimozemstane.jpg?resize=525%2C300&ssl=1 1.5x, https:\/\/i0.wp.com\/www.svejkmuseum.cz\/wp\/wp-content\/uploads\/2022\/05\/pozemstane-a-mimozemstane.jpg?resize=700%2C400&ssl=1 2x, https:\/\/i0.wp.com\/www.svejkmuseum.cz\/wp\/wp-content\/uploads\/2022\/05\/pozemstane-a-mimozemstane.jpg?resize=1050%2C600&ssl=1 3x, https:\/\/i0.wp.com\/www.svejkmuseum.cz\/wp\/wp-content\/uploads\/2022\/05\/pozemstane-a-mimozemstane.jpg?resize=1400%2C800&ssl=1 4x"},"classes":[]},{"id":1121,"url":"https:\/\/www.svejkmuseum.cz\/wp\/produkt\/c13-kopirovat\/","url_meta":{"origin":2410,"position":5},"title":"D\u017eb\u00e1n \u017e\u00edzn\u011b","author":"Jaroslav \u0160er\u00e1k","date":"8. 2. 2022","format":false,"excerpt":"Autor: R\u016fzn\u00ed auto\u0159i Editor: Mlad\u00e1 fronta N\u00e1zev: D\u017eb\u00e1n \u017e\u00edzn\u011b Podtitul: Star\u00e1 arabsk\u00e1 poezie Rok vyd\u00e1n\u00ed: 1966","rel":"","context":"Podobn\u00fd p\u0159\u00edsp\u011bvek","block_context":{"text":"Podobn\u00fd p\u0159\u00edsp\u011bvek","link":""},"img":{"alt_text":"","src":"https:\/\/i0.wp.com\/www.svejkmuseum.cz\/wp\/wp-content\/uploads\/2022\/02\/stara-arabska-poezie-1.jpg?resize=350%2C200&ssl=1","width":350,"height":200,"srcset":"https:\/\/i0.wp.com\/www.svejkmuseum.cz\/wp\/wp-content\/uploads\/2022\/02\/stara-arabska-poezie-1.jpg?resize=350%2C200&ssl=1 1x, https:\/\/i0.wp.com\/www.svejkmuseum.cz\/wp\/wp-content\/uploads\/2022\/02\/stara-arabska-poezie-1.jpg?resize=525%2C300&ssl=1 1.5x, https:\/\/i0.wp.com\/www.svejkmuseum.cz\/wp\/wp-content\/uploads\/2022\/02\/stara-arabska-poezie-1.jpg?resize=700%2C400&ssl=1 2x, https:\/\/i0.wp.com\/www.svejkmuseum.cz\/wp\/wp-content\/uploads\/2022\/02\/stara-arabska-poezie-1.jpg?resize=1050%2C600&ssl=1 3x, https:\/\/i0.wp.com\/www.svejkmuseum.cz\/wp\/wp-content\/uploads\/2022\/02\/stara-arabska-poezie-1.jpg?resize=1400%2C800&ssl=1 4x"},"classes":[]}],"jetpack_sharing_enabled":true,"_links":{"self":[{"href":"https:\/\/www.svejkmuseum.cz\/wp\/wp-json\/wp\/v2\/product\/2410","targetHints":{"allow":["GET"]}}],"collection":[{"href":"https:\/\/www.svejkmuseum.cz\/wp\/wp-json\/wp\/v2\/product"}],"about":[{"href":"https:\/\/www.svejkmuseum.cz\/wp\/wp-json\/wp\/v2\/types\/product"}],"wp:featuredmedia":[{"embeddable":true,"href":"https:\/\/www.svejkmuseum.cz\/wp\/wp-json\/wp\/v2\/media\/2398"}],"wp:attachment":[{"href":"https:\/\/www.svejkmuseum.cz\/wp\/wp-json\/wp\/v2\/media?parent=2410"}],"wp:term":[{"taxonomy":"product_brand","embeddable":true,"href":"https:\/\/www.svejkmuseum.cz\/wp\/wp-json\/wp\/v2\/product_brand?post=2410"},{"taxonomy":"product_cat","embeddable":true,"href":"https:\/\/www.svejkmuseum.cz\/wp\/wp-json\/wp\/v2\/product_cat?post=2410"},{"taxonomy":"product_tag","embeddable":true,"href":"https:\/\/www.svejkmuseum.cz\/wp\/wp-json\/wp\/v2\/product_tag?post=2410"}],"curies":[{"name":"wp","href":"https:\/\/api.w.org\/{rel}","templated":true}]}}