{"id":2360,"date":"2022-05-21T14:46:09","date_gmt":"2022-05-21T12:46:09","guid":{"rendered":"https:\/\/www.svejkmuseum.cz\/wp\/?post_type=product&#038;p=2360"},"modified":"2022-05-22T12:15:29","modified_gmt":"2022-05-22T10:15:29","slug":"j23","status":"publish","type":"product","link":"https:\/\/www.svejkmuseum.cz\/wp\/produkt\/j23\/","title":{"rendered":"\u017d\u00edze\u0148 po \u017eivot\u011b"},"content":{"rendered":"<p><span class=\"start_text\">Vincent van Gogh, za \u017eivota tragick\u00e1, po \u017eivot\u011b do nebes vyn\u00e1\u0161en\u00e1 postava modern\u00edho um\u011bn\u00ed, nesta\u010dil svou \u017e\u00edze\u0148 hasit a skon\u010dil sebevra\u017edou. Vedle tragiky to v\u0161ak byla i nezm\u011brn\u00e1 p\u00edle a c\u00edlev\u011bdomost, je\u017e ho hnala vp\u0159ed, kter\u00e9 v\u0161ak z\u00e1ke\u0159n\u011b nahlod\u00e1vala postupuj\u00edc\u00ed psychick\u00e1 porucha. Za pouh\u00fdch deset let, do nich\u017e se vejde cel\u00e1 um<\/span><span class=\"end_text et_51890\">\u011bleck\u00e1 dr\u00e1ha mal\u00ed\u0159e, kter\u00fd nemohl tu\u0161it, \u017ee se stane velik\u00e1nem modern\u00edho mal\u00ed\u0159stv\u00ed, vytvo\u0159il Vincent van Gogh 750 obraz\u016f a 1600 kreseb. Nevyd\u011blal na nich t\u00e9m\u011b\u0159 nic&#8230;<\/span><\/p>\n","protected":false},"excerpt":{"rendered":"<p>Autor: Irving Stone<\/p>\n<p>Editor:<\/p>\n<p>N\u00e1zev: \u017dize\u0148 po \u017eivot\u011b<\/p>\n<p>Podtitul:<\/p>\n<p>Rok vyd\u00e1n\u00ed: 1968 Odeon<\/p>\n","protected":false},"featured_media":2345,"template":"","meta":[],"product_brand":[],"product_cat":[70,82,166,84,50,67,116,165],"product_tag":[],"class_list":{"0":"post-2360","1":"product","2":"type-product","3":"status-publish","4":"has-post-thumbnail","6":"product_cat-dokumenty","7":"product_cat-vse_za_stovku","8":"product_cat-maliri","9":"product_cat-osobnosti","10":"product_cat-proza","11":"product_cat-roman","12":"product_cat-roman-biograficky","13":"product_cat-vytvarne-umeni","14":"pa_barva-barva","15":"pa_barva-cerne","16":"pa_prebal-bez_prebalu","17":"pa_stav-bezny","18":"pa_vazba-kplatno","20":"first","21":"instock","22":"shipping-taxable","23":"purchasable","24":"product-type-simple"},"jetpack-related-posts":[{"id":2366,"url":"https:\/\/www.svejkmuseum.cz\/wp\/produkt\/j29\/","url_meta":{"origin":2360,"position":0},"title":"Tov\u00e1rna na absolutno | Krakatit","author":"Jaroslav \u0160er\u00e1k","date":"21. 5. 2022","format":false,"excerpt":"Autor: Karel \u010capek Editor: N\u00e1zev: Tov\u00e1rna na absolutno | Krakatit Podtitul: Spisy III Rok vyd\u00e1n\u00ed: 1982 \u010ceskoslovensk\u00fd spisovatel","rel":"","context":"Podobn\u00fd p\u0159\u00edsp\u011bvek","block_context":{"text":"Podobn\u00fd p\u0159\u00edsp\u011bvek","link":""},"img":{"alt_text":"","src":"https:\/\/i0.wp.com\/www.svejkmuseum.cz\/wp\/wp-content\/uploads\/2022\/06\/capek-tovarna-na-absolutno-krakatit.jpg?resize=350%2C200&ssl=1","width":350,"height":200,"srcset":"https:\/\/i0.wp.com\/www.svejkmuseum.cz\/wp\/wp-content\/uploads\/2022\/06\/capek-tovarna-na-absolutno-krakatit.jpg?resize=350%2C200&ssl=1 1x, https:\/\/i0.wp.com\/www.svejkmuseum.cz\/wp\/wp-content\/uploads\/2022\/06\/capek-tovarna-na-absolutno-krakatit.jpg?resize=525%2C300&ssl=1 1.5x, https:\/\/i0.wp.com\/www.svejkmuseum.cz\/wp\/wp-content\/uploads\/2022\/06\/capek-tovarna-na-absolutno-krakatit.jpg?resize=700%2C400&ssl=1 2x, https:\/\/i0.wp.com\/www.svejkmuseum.cz\/wp\/wp-content\/uploads\/2022\/06\/capek-tovarna-na-absolutno-krakatit.jpg?resize=1050%2C600&ssl=1 3x, https:\/\/i0.wp.com\/www.svejkmuseum.cz\/wp\/wp-content\/uploads\/2022\/06\/capek-tovarna-na-absolutno-krakatit.jpg?resize=1400%2C800&ssl=1 4x"},"classes":[]},{"id":2257,"url":"https:\/\/www.svejkmuseum.cz\/wp\/produkt\/j15\/","url_meta":{"origin":2360,"position":1},"title":"Gener\u00e1l Karel Kutlva\u0161r","author":"Jaroslav \u0160er\u00e1k","date":"20. 5. 2022","format":false,"excerpt":"Autor: Josef Slanina, Zden\u011bk Vali\u0161 Editor: N\u00e1zev: Gener\u00e1l Karel Kutlva\u0161r Podtitul: Rok vyd\u00e1n\u00ed: 1993 Na\u0161e vojsko","rel":"","context":"Podobn\u00fd p\u0159\u00edsp\u011bvek","block_context":{"text":"Podobn\u00fd p\u0159\u00edsp\u011bvek","link":""},"img":{"alt_text":"","src":"https:\/\/i0.wp.com\/www.svejkmuseum.cz\/wp\/wp-content\/uploads\/2022\/05\/gen-kutlvasr-1-scaled.jpg?resize=350%2C200&ssl=1","width":350,"height":200,"srcset":"https:\/\/i0.wp.com\/www.svejkmuseum.cz\/wp\/wp-content\/uploads\/2022\/05\/gen-kutlvasr-1-scaled.jpg?resize=350%2C200&ssl=1 1x, https:\/\/i0.wp.com\/www.svejkmuseum.cz\/wp\/wp-content\/uploads\/2022\/05\/gen-kutlvasr-1-scaled.jpg?resize=525%2C300&ssl=1 1.5x, https:\/\/i0.wp.com\/www.svejkmuseum.cz\/wp\/wp-content\/uploads\/2022\/05\/gen-kutlvasr-1-scaled.jpg?resize=700%2C400&ssl=1 2x, https:\/\/i0.wp.com\/www.svejkmuseum.cz\/wp\/wp-content\/uploads\/2022\/05\/gen-kutlvasr-1-scaled.jpg?resize=1050%2C600&ssl=1 3x, https:\/\/i0.wp.com\/www.svejkmuseum.cz\/wp\/wp-content\/uploads\/2022\/05\/gen-kutlvasr-1-scaled.jpg?resize=1400%2C800&ssl=1 4x"},"classes":[]},{"id":2408,"url":"https:\/\/www.svejkmuseum.cz\/wp\/produkt\/j35\/","url_meta":{"origin":2360,"position":2},"title":"T\u0159i kamar\u00e1di","author":"Jaroslav \u0160er\u00e1k","date":"24. 5. 2022","format":false,"excerpt":"Autor: E. M. Remarque Editor: N\u00e1zev: T\u0159i kamar\u00e1di Podtitul: Rok vyd\u00e1n\u00ed: 1962 St\u00e1tn\u00ed nakladatelstv\u00ed kr\u00e1sn\u00e9 literatury a um\u011bn\u00ed","rel":"","context":"Podobn\u00fd p\u0159\u00edsp\u011bvek","block_context":{"text":"Podobn\u00fd p\u0159\u00edsp\u011bvek","link":""},"img":{"alt_text":"","src":"https:\/\/i0.wp.com\/www.svejkmuseum.cz\/wp\/wp-content\/uploads\/2022\/05\/tri-kamaradi-1-scaled.jpg?resize=350%2C200&ssl=1","width":350,"height":200,"srcset":"https:\/\/i0.wp.com\/www.svejkmuseum.cz\/wp\/wp-content\/uploads\/2022\/05\/tri-kamaradi-1-scaled.jpg?resize=350%2C200&ssl=1 1x, https:\/\/i0.wp.com\/www.svejkmuseum.cz\/wp\/wp-content\/uploads\/2022\/05\/tri-kamaradi-1-scaled.jpg?resize=525%2C300&ssl=1 1.5x, https:\/\/i0.wp.com\/www.svejkmuseum.cz\/wp\/wp-content\/uploads\/2022\/05\/tri-kamaradi-1-scaled.jpg?resize=700%2C400&ssl=1 2x, https:\/\/i0.wp.com\/www.svejkmuseum.cz\/wp\/wp-content\/uploads\/2022\/05\/tri-kamaradi-1-scaled.jpg?resize=1050%2C600&ssl=1 3x, https:\/\/i0.wp.com\/www.svejkmuseum.cz\/wp\/wp-content\/uploads\/2022\/05\/tri-kamaradi-1-scaled.jpg?resize=1400%2C800&ssl=1 4x"},"classes":[]},{"id":750,"url":"https:\/\/www.svejkmuseum.cz\/wp\/produkt\/f-m-dostojevskij-zivot-a-dilo\/","url_meta":{"origin":2360,"position":3},"title":"F. M. Dostojevskij &#8211; \u017eivot a d\u00edlo","author":"Jaroslav \u0160er\u00e1k","date":"14. 1. 2022","format":false,"excerpt":"Autor: Radko Pytl\u00edk Editor: N\u00e1zev: F. M. Dostojevskij - \u017eivot a d\u00edlo Podtitul: Rok vyd\u00e1n\u00ed: 2008","rel":"","context":"Podobn\u00fd p\u0159\u00edsp\u011bvek","block_context":{"text":"Podobn\u00fd p\u0159\u00edsp\u011bvek","link":""},"img":{"alt_text":"","src":"https:\/\/i0.wp.com\/www.svejkmuseum.cz\/wp\/wp-content\/uploads\/2022\/01\/dostojevskij0001.jpg?resize=350%2C200&ssl=1","width":350,"height":200,"srcset":"https:\/\/i0.wp.com\/www.svejkmuseum.cz\/wp\/wp-content\/uploads\/2022\/01\/dostojevskij0001.jpg?resize=350%2C200&ssl=1 1x, https:\/\/i0.wp.com\/www.svejkmuseum.cz\/wp\/wp-content\/uploads\/2022\/01\/dostojevskij0001.jpg?resize=525%2C300&ssl=1 1.5x, https:\/\/i0.wp.com\/www.svejkmuseum.cz\/wp\/wp-content\/uploads\/2022\/01\/dostojevskij0001.jpg?resize=700%2C400&ssl=1 2x"},"classes":[]},{"id":2161,"url":"https:\/\/www.svejkmuseum.cz\/wp\/produkt\/jiskra-zivota\/","url_meta":{"origin":2360,"position":4},"title":"Jiskra \u017eivota","author":"Jaroslav \u0160er\u00e1k","date":"7. 5. 2022","format":false,"excerpt":"Autor: Erich Maria Remarque Editor: N\u00e1zev: Jiskra \u017eivota Podtitul: Rok vyd\u00e1n\u00ed: 1969 Na\u0161e vojsko","rel":"","context":"Podobn\u00fd p\u0159\u00edsp\u011bvek","block_context":{"text":"Podobn\u00fd p\u0159\u00edsp\u011bvek","link":""},"img":{"alt_text":"","src":"https:\/\/i0.wp.com\/www.svejkmuseum.cz\/wp\/wp-content\/uploads\/2022\/05\/jiskra-zivota-1.jpg?resize=350%2C200&ssl=1","width":350,"height":200,"srcset":"https:\/\/i0.wp.com\/www.svejkmuseum.cz\/wp\/wp-content\/uploads\/2022\/05\/jiskra-zivota-1.jpg?resize=350%2C200&ssl=1 1x, https:\/\/i0.wp.com\/www.svejkmuseum.cz\/wp\/wp-content\/uploads\/2022\/05\/jiskra-zivota-1.jpg?resize=525%2C300&ssl=1 1.5x, https:\/\/i0.wp.com\/www.svejkmuseum.cz\/wp\/wp-content\/uploads\/2022\/05\/jiskra-zivota-1.jpg?resize=700%2C400&ssl=1 2x, https:\/\/i0.wp.com\/www.svejkmuseum.cz\/wp\/wp-content\/uploads\/2022\/05\/jiskra-zivota-1.jpg?resize=1050%2C600&ssl=1 3x, https:\/\/i0.wp.com\/www.svejkmuseum.cz\/wp\/wp-content\/uploads\/2022\/05\/jiskra-zivota-1.jpg?resize=1400%2C800&ssl=1 4x"},"classes":[]},{"id":2130,"url":"https:\/\/www.svejkmuseum.cz\/wp\/produkt\/i47\/","url_meta":{"origin":2360,"position":5},"title":"Kr\u00e1lov\u00e9, kac\u00ed\u0159i, inkvizito\u0159i","author":"Jaroslav \u0160er\u00e1k","date":"2. 5. 2022","format":false,"excerpt":"Autor: Miroslav Hroch, Anna Sk\u00fdbov\u00e1 Editor: N\u00e1zev: Kr\u00e1lov\u00e9, kac\u00ed\u0159i, inkvizito\u0159i Podtitul: Rok vyd\u00e1n\u00ed: 1987 \u010ceskoslovensk\u00fd spisovatel","rel":"","context":"Podobn\u00fd p\u0159\u00edsp\u011bvek","block_context":{"text":"Podobn\u00fd p\u0159\u00edsp\u011bvek","link":""},"img":{"alt_text":"","src":"https:\/\/i0.wp.com\/www.svejkmuseum.cz\/wp\/wp-content\/uploads\/2022\/05\/kralove-kaciri-inkviz-1.jpg?resize=350%2C200&ssl=1","width":350,"height":200,"srcset":"https:\/\/i0.wp.com\/www.svejkmuseum.cz\/wp\/wp-content\/uploads\/2022\/05\/kralove-kaciri-inkviz-1.jpg?resize=350%2C200&ssl=1 1x, https:\/\/i0.wp.com\/www.svejkmuseum.cz\/wp\/wp-content\/uploads\/2022\/05\/kralove-kaciri-inkviz-1.jpg?resize=525%2C300&ssl=1 1.5x, https:\/\/i0.wp.com\/www.svejkmuseum.cz\/wp\/wp-content\/uploads\/2022\/05\/kralove-kaciri-inkviz-1.jpg?resize=700%2C400&ssl=1 2x, https:\/\/i0.wp.com\/www.svejkmuseum.cz\/wp\/wp-content\/uploads\/2022\/05\/kralove-kaciri-inkviz-1.jpg?resize=1050%2C600&ssl=1 3x, https:\/\/i0.wp.com\/www.svejkmuseum.cz\/wp\/wp-content\/uploads\/2022\/05\/kralove-kaciri-inkviz-1.jpg?resize=1400%2C800&ssl=1 4x"},"classes":[]}],"jetpack_sharing_enabled":true,"_links":{"self":[{"href":"https:\/\/www.svejkmuseum.cz\/wp\/wp-json\/wp\/v2\/product\/2360","targetHints":{"allow":["GET"]}}],"collection":[{"href":"https:\/\/www.svejkmuseum.cz\/wp\/wp-json\/wp\/v2\/product"}],"about":[{"href":"https:\/\/www.svejkmuseum.cz\/wp\/wp-json\/wp\/v2\/types\/product"}],"wp:featuredmedia":[{"embeddable":true,"href":"https:\/\/www.svejkmuseum.cz\/wp\/wp-json\/wp\/v2\/media\/2345"}],"wp:attachment":[{"href":"https:\/\/www.svejkmuseum.cz\/wp\/wp-json\/wp\/v2\/media?parent=2360"}],"wp:term":[{"taxonomy":"product_brand","embeddable":true,"href":"https:\/\/www.svejkmuseum.cz\/wp\/wp-json\/wp\/v2\/product_brand?post=2360"},{"taxonomy":"product_cat","embeddable":true,"href":"https:\/\/www.svejkmuseum.cz\/wp\/wp-json\/wp\/v2\/product_cat?post=2360"},{"taxonomy":"product_tag","embeddable":true,"href":"https:\/\/www.svejkmuseum.cz\/wp\/wp-json\/wp\/v2\/product_tag?post=2360"}],"curies":[{"name":"wp","href":"https:\/\/api.w.org\/{rel}","templated":true}]}}