{"id":2359,"date":"2022-05-21T14:45:57","date_gmt":"2022-05-21T12:45:57","guid":{"rendered":"https:\/\/www.svejkmuseum.cz\/wp\/?post_type=product&#038;p=2359"},"modified":"2022-05-22T11:05:48","modified_gmt":"2022-05-22T09:05:48","slug":"j22","status":"publish","type":"product","link":"https:\/\/www.svejkmuseum.cz\/wp\/produkt\/j22\/","title":{"rendered":"V\u0161e pro firmu"},"content":{"rendered":"<p>\u0160et\u0159iv\u00fd a po\u010destn\u00fd syn, dle otce podiv\u00edn a v\u00fdst\u0159edn\u00ed, p\u0159evezme spr\u00e1vu firmy a sna\u017e\u00ed se zh\u00fdral\u00e9ho otce napravit, pot\u00e9 o\u017eenit. Svatbou to skon\u010d\u00ed, ale jeho. Legra\u010dn\u00ed postava sluhy Hustolesa, kter\u00fd v\u00ed v\u0161e nejl\u00edp a mlad\u00e9mu \u0161\u00e9fovi \u0159\u00edk\u00e1 d\u011bdek a starej. Pohodov\u00e9 \u010dten\u00ed.<\/p>\n","protected":false},"excerpt":{"rendered":"<p>Autor: Karel Pol\u00e1\u010dek<\/p>\n<p>Editor:<\/p>\n<p>N\u00e1zev: V\u0161e pro firmu<\/p>\n<p>Podtitul:<\/p>\n<p>Rok vyd\u00e1n\u00ed: 1997 F. Topi\u010d<\/p>\n","protected":false},"featured_media":2349,"template":"","meta":[],"product_brand":[],"product_cat":[82,213,50],"product_tag":[],"class_list":{"0":"post-2359","1":"product","2":"type-product","3":"status-publish","4":"has-post-thumbnail","6":"product_cat-vse_za_stovku","7":"product_cat-novela","8":"product_cat-proza","9":"pa_barva-bez","10":"pa_prebal-neposk_prebal","11":"pa_stav-vyborny","12":"pa_vazba-brozura","14":"first","15":"instock","16":"shipping-taxable","17":"purchasable","18":"product-type-simple"},"jetpack-related-posts":[{"id":2131,"url":"https:\/\/www.svejkmuseum.cz\/wp\/produkt\/i48\/","url_meta":{"origin":2359,"position":0},"title":"\u010cern\u00fd obelisk","author":"Jaroslav \u0160er\u00e1k","date":"2. 5. 2022","format":false,"excerpt":"Autor: Erich Maria Remarque Editor: N\u00e1zev: \u010cern\u00fd obelisk Podtitul: Rok vyd\u00e1n\u00ed: Na\u0161e vojsko 1968","rel":"","context":"Podobn\u00fd p\u0159\u00edsp\u011bvek","block_context":{"text":"Podobn\u00fd p\u0159\u00edsp\u011bvek","link":""},"img":{"alt_text":"","src":"https:\/\/i0.wp.com\/www.svejkmuseum.cz\/wp\/wp-content\/uploads\/2022\/05\/cerny-obelisk-1.jpg?resize=350%2C200&ssl=1","width":350,"height":200,"srcset":"https:\/\/i0.wp.com\/www.svejkmuseum.cz\/wp\/wp-content\/uploads\/2022\/05\/cerny-obelisk-1.jpg?resize=350%2C200&ssl=1 1x, https:\/\/i0.wp.com\/www.svejkmuseum.cz\/wp\/wp-content\/uploads\/2022\/05\/cerny-obelisk-1.jpg?resize=525%2C300&ssl=1 1.5x, https:\/\/i0.wp.com\/www.svejkmuseum.cz\/wp\/wp-content\/uploads\/2022\/05\/cerny-obelisk-1.jpg?resize=700%2C400&ssl=1 2x, https:\/\/i0.wp.com\/www.svejkmuseum.cz\/wp\/wp-content\/uploads\/2022\/05\/cerny-obelisk-1.jpg?resize=1050%2C600&ssl=1 3x, https:\/\/i0.wp.com\/www.svejkmuseum.cz\/wp\/wp-content\/uploads\/2022\/05\/cerny-obelisk-1.jpg?resize=1400%2C800&ssl=1 4x"},"classes":[]},{"id":1843,"url":"https:\/\/www.svejkmuseum.cz\/wp\/produkt\/h29\/","url_meta":{"origin":2359,"position":1},"title":"Pokojov\u00e9 rostliny","author":"Jaroslav \u0160er\u00e1k","date":"17. 3. 2022","format":false,"excerpt":"Autor: Karel Hieke Editor: N\u00e1zev: Pokojov\u00e9 rostliny Podtitul: Rok vyd\u00e1n\u00ed: 1987 St\u00e1tn\u00ed zem\u011bd\u011blsk\u00e9 nakladatelstv\u00ed","rel":"","context":"Podobn\u00fd p\u0159\u00edsp\u011bvek","block_context":{"text":"Podobn\u00fd p\u0159\u00edsp\u011bvek","link":""},"img":{"alt_text":"","src":"https:\/\/i0.wp.com\/www.svejkmuseum.cz\/wp\/wp-content\/uploads\/2022\/03\/pokojove-rostliny-karel-hieke-1988-192538-0.jpg?resize=350%2C200&ssl=1","width":350,"height":200,"srcset":"https:\/\/i0.wp.com\/www.svejkmuseum.cz\/wp\/wp-content\/uploads\/2022\/03\/pokojove-rostliny-karel-hieke-1988-192538-0.jpg?resize=350%2C200&ssl=1 1x, https:\/\/i0.wp.com\/www.svejkmuseum.cz\/wp\/wp-content\/uploads\/2022\/03\/pokojove-rostliny-karel-hieke-1988-192538-0.jpg?resize=525%2C300&ssl=1 1.5x"},"classes":[]},{"id":1613,"url":"https:\/\/www.svejkmuseum.cz\/wp\/produkt\/f24\/","url_meta":{"origin":2359,"position":2},"title":"Novodob\u00e1 organisace stroj\u00edrny a sl\u00e9v\u00e1rny","author":"Jaroslav \u0160er\u00e1k","date":"1. 3. 2022","format":false,"excerpt":"Autor: Emil Prymus Editor: N\u00e1zev: Novodob\u00e1 organisace stroj\u00edrny a sl\u00e9v\u00e1rny Podtitul: Organisace v\u00fdroby Rok vyd\u00e1n\u00ed: 1943 Orbis Praha","rel":"","context":"Podobn\u00fd p\u0159\u00edsp\u011bvek","block_context":{"text":"Podobn\u00fd p\u0159\u00edsp\u011bvek","link":""},"img":{"alt_text":"","src":"https:\/\/i0.wp.com\/www.svejkmuseum.cz\/wp\/wp-content\/uploads\/2022\/03\/P1060591.jpg?resize=350%2C200&ssl=1","width":350,"height":200,"srcset":"https:\/\/i0.wp.com\/www.svejkmuseum.cz\/wp\/wp-content\/uploads\/2022\/03\/P1060591.jpg?resize=350%2C200&ssl=1 1x, https:\/\/i0.wp.com\/www.svejkmuseum.cz\/wp\/wp-content\/uploads\/2022\/03\/P1060591.jpg?resize=525%2C300&ssl=1 1.5x, https:\/\/i0.wp.com\/www.svejkmuseum.cz\/wp\/wp-content\/uploads\/2022\/03\/P1060591.jpg?resize=700%2C400&ssl=1 2x, https:\/\/i0.wp.com\/www.svejkmuseum.cz\/wp\/wp-content\/uploads\/2022\/03\/P1060591.jpg?resize=1050%2C600&ssl=1 3x, https:\/\/i0.wp.com\/www.svejkmuseum.cz\/wp\/wp-content\/uploads\/2022\/03\/P1060591.jpg?resize=1400%2C800&ssl=1 4x"},"classes":[]},{"id":2426,"url":"https:\/\/www.svejkmuseum.cz\/wp\/produkt\/k10\/","url_meta":{"origin":2359,"position":3},"title":"Groteska","author":"Jaroslav \u0160er\u00e1k","date":"31. 5. 2022","format":false,"excerpt":"Autor: Kurt Vonnegut Editor: N\u00e1zev: Groteska Podtitul: Rok vyd\u00e1n\u00ed: 1981 Mlad\u00e1 fronta","rel":"","context":"Podobn\u00fd p\u0159\u00edsp\u011bvek","block_context":{"text":"Podobn\u00fd p\u0159\u00edsp\u011bvek","link":""},"img":{"alt_text":"","src":"https:\/\/i0.wp.com\/www.svejkmuseum.cz\/wp\/wp-content\/uploads\/2022\/06\/groteska-1-scaled.jpg?resize=350%2C200&ssl=1","width":350,"height":200,"srcset":"https:\/\/i0.wp.com\/www.svejkmuseum.cz\/wp\/wp-content\/uploads\/2022\/06\/groteska-1-scaled.jpg?resize=350%2C200&ssl=1 1x, https:\/\/i0.wp.com\/www.svejkmuseum.cz\/wp\/wp-content\/uploads\/2022\/06\/groteska-1-scaled.jpg?resize=525%2C300&ssl=1 1.5x, https:\/\/i0.wp.com\/www.svejkmuseum.cz\/wp\/wp-content\/uploads\/2022\/06\/groteska-1-scaled.jpg?resize=700%2C400&ssl=1 2x, https:\/\/i0.wp.com\/www.svejkmuseum.cz\/wp\/wp-content\/uploads\/2022\/06\/groteska-1-scaled.jpg?resize=1050%2C600&ssl=1 3x, https:\/\/i0.wp.com\/www.svejkmuseum.cz\/wp\/wp-content\/uploads\/2022\/06\/groteska-1-scaled.jpg?resize=1400%2C800&ssl=1 4x"},"classes":[]},{"id":1479,"url":"https:\/\/www.svejkmuseum.cz\/wp\/produkt\/c46\/","url_meta":{"origin":2359,"position":4},"title":"\u017div\u00fd pramen","author":"Jaroslav \u0160er\u00e1k","date":"24. 2. 2022","format":false,"excerpt":"Autor: Editor: V\u011bra Karf\u00edkov\u00e1 N\u00e1zev: \u017div\u00fd pramen Podtitul: V\u00fdbor z \u010desk\u00e9 a slovensk\u00e9 lidov\u00e9 poezie Rok vyd\u00e1n\u00ed: 1984 Albatros","rel":"","context":"Podobn\u00fd p\u0159\u00edsp\u011bvek","block_context":{"text":"Podobn\u00fd p\u0159\u00edsp\u011bvek","link":""},"img":{"alt_text":"","src":"https:\/\/i0.wp.com\/www.svejkmuseum.cz\/wp\/wp-content\/uploads\/2022\/02\/zivy-pramen-1-scaled.jpg?resize=350%2C200&ssl=1","width":350,"height":200,"srcset":"https:\/\/i0.wp.com\/www.svejkmuseum.cz\/wp\/wp-content\/uploads\/2022\/02\/zivy-pramen-1-scaled.jpg?resize=350%2C200&ssl=1 1x, https:\/\/i0.wp.com\/www.svejkmuseum.cz\/wp\/wp-content\/uploads\/2022\/02\/zivy-pramen-1-scaled.jpg?resize=525%2C300&ssl=1 1.5x, https:\/\/i0.wp.com\/www.svejkmuseum.cz\/wp\/wp-content\/uploads\/2022\/02\/zivy-pramen-1-scaled.jpg?resize=700%2C400&ssl=1 2x, https:\/\/i0.wp.com\/www.svejkmuseum.cz\/wp\/wp-content\/uploads\/2022\/02\/zivy-pramen-1-scaled.jpg?resize=1050%2C600&ssl=1 3x, https:\/\/i0.wp.com\/www.svejkmuseum.cz\/wp\/wp-content\/uploads\/2022\/02\/zivy-pramen-1-scaled.jpg?resize=1400%2C800&ssl=1 4x"},"classes":[]},{"id":1997,"url":"https:\/\/www.svejkmuseum.cz\/wp\/produkt\/i12\/","url_meta":{"origin":2359,"position":5},"title":"Plav\u00fd k\u016f\u0148","author":"Jaroslav \u0160er\u00e1k","date":"12. 4. 2022","format":false,"excerpt":"Autor: Agatha Christie Editor: N\u00e1zev: Plav\u00fd k\u016f\u0148 Podtitul: Rok vyd\u00e1n\u00ed: 1984 Pr\u00e1ce","rel":"","context":"Podobn\u00fd p\u0159\u00edsp\u011bvek","block_context":{"text":"Podobn\u00fd p\u0159\u00edsp\u011bvek","link":""},"img":{"alt_text":"","src":"https:\/\/i0.wp.com\/www.svejkmuseum.cz\/wp\/wp-content\/uploads\/2022\/04\/plavy-kun-1-scaled.jpg?resize=350%2C200&ssl=1","width":350,"height":200,"srcset":"https:\/\/i0.wp.com\/www.svejkmuseum.cz\/wp\/wp-content\/uploads\/2022\/04\/plavy-kun-1-scaled.jpg?resize=350%2C200&ssl=1 1x, https:\/\/i0.wp.com\/www.svejkmuseum.cz\/wp\/wp-content\/uploads\/2022\/04\/plavy-kun-1-scaled.jpg?resize=525%2C300&ssl=1 1.5x, https:\/\/i0.wp.com\/www.svejkmuseum.cz\/wp\/wp-content\/uploads\/2022\/04\/plavy-kun-1-scaled.jpg?resize=700%2C400&ssl=1 2x, https:\/\/i0.wp.com\/www.svejkmuseum.cz\/wp\/wp-content\/uploads\/2022\/04\/plavy-kun-1-scaled.jpg?resize=1050%2C600&ssl=1 3x, https:\/\/i0.wp.com\/www.svejkmuseum.cz\/wp\/wp-content\/uploads\/2022\/04\/plavy-kun-1-scaled.jpg?resize=1400%2C800&ssl=1 4x"},"classes":[]}],"jetpack_sharing_enabled":true,"_links":{"self":[{"href":"https:\/\/www.svejkmuseum.cz\/wp\/wp-json\/wp\/v2\/product\/2359","targetHints":{"allow":["GET"]}}],"collection":[{"href":"https:\/\/www.svejkmuseum.cz\/wp\/wp-json\/wp\/v2\/product"}],"about":[{"href":"https:\/\/www.svejkmuseum.cz\/wp\/wp-json\/wp\/v2\/types\/product"}],"wp:featuredmedia":[{"embeddable":true,"href":"https:\/\/www.svejkmuseum.cz\/wp\/wp-json\/wp\/v2\/media\/2349"}],"wp:attachment":[{"href":"https:\/\/www.svejkmuseum.cz\/wp\/wp-json\/wp\/v2\/media?parent=2359"}],"wp:term":[{"taxonomy":"product_brand","embeddable":true,"href":"https:\/\/www.svejkmuseum.cz\/wp\/wp-json\/wp\/v2\/product_brand?post=2359"},{"taxonomy":"product_cat","embeddable":true,"href":"https:\/\/www.svejkmuseum.cz\/wp\/wp-json\/wp\/v2\/product_cat?post=2359"},{"taxonomy":"product_tag","embeddable":true,"href":"https:\/\/www.svejkmuseum.cz\/wp\/wp-json\/wp\/v2\/product_tag?post=2359"}],"curies":[{"name":"wp","href":"https:\/\/api.w.org\/{rel}","templated":true}]}}