{"id":2217,"date":"2022-05-17T21:59:36","date_gmt":"2022-05-17T19:59:36","guid":{"rendered":"https:\/\/www.svejkmuseum.cz\/wp\/?post_type=product&#038;p=2217"},"modified":"2022-05-19T23:31:56","modified_gmt":"2022-05-19T21:31:56","slug":"j1","status":"publish","type":"product","link":"https:\/\/www.svejkmuseum.cz\/wp\/produkt\/j1\/","title":{"rendered":"2 x inspektor L\u00e1ska"},"content":{"rendered":"<p><span class=\"start_text\">Hlavn\u00ed postava dvou Lahodov\u00fdch p\u0159\u00edb\u011bh\u016f &#8211; Hon na medv\u00eddka a Past na kr\u00e1sn\u00e9ho tygra &#8211; vrchn\u00ed inspektor pra\u017esk\u00e9 krimin\u00e1ln\u00ed policie a \u0161\u00e9f odd\u011blen\u00ed pro vy\u0161et\u0159ov\u00e1n\u00ed vra\u017ed Ji\u0159\u00ed L\u00e1ska, pat\u0159\u00ed k t\u011bm kriminalist\u016fm z dob prvn\u00ed republiky,kte\u0159\u00ed jsou na slovo vzat\u00ed odborn\u00edci, nekompromisn\u00ed zast\u00e1ci pr\u00e1va a spravedlnosti, ale tak\u00e9 moud\u0159\u00ed\u00a0<\/span><span class=\"end_text et_23111\">znalci \u017eivota a lid\u00ed. J\u00e1dro prvn\u00edho p\u0159\u00edb\u011bhu tvo\u0159\u00ed n\u00e1siln\u00e1 smrt zbohatl\u00edka Mor\u00e1ka, majitele bankovn\u00edho domu a vyd\u0159idu\u0161sk\u00e9ho lichv\u00e1\u0159e. V druh\u00e9m p\u0159\u00edb\u011bhu p\u00e1tr\u00e1 inspektor L\u00e1ska po vrahovi mlad\u00e9ho, \u017eenami obdivovan\u00e9ho tov\u00e1rn\u00edka Hromady, p\u0159edn\u00edho \u010dlena golfov\u00e9ho klubu, kter\u00fd byl zast\u0159elen p\u0159\u00edmo na h\u0159i\u0161ti.<\/span><\/p>\n<p>M\u00e1m dva exempl\u00e1\u0159e. Jeden s opot\u0159ebovan\u00fdm p\u0159ebalem, druhy bez p\u0159ebalu. Jakou chcete, uve\u010fte pros\u00edm v pozn\u00e1mce k objedn\u00e1vce. D\u011bkuji<\/p>\n","protected":false},"excerpt":{"rendered":"<p>Autor: Zden\u011bk Lahoda<\/p>\n<p>Editor:<\/p>\n<p>N\u00e1zev: 2 x inspektor L\u00e1ska<\/p>\n<p>Podtitul:<\/p>\n<p>Rok vyd\u00e1n\u00ed: 1984 Na\u0161e vojsko<\/p>\n","protected":false},"featured_media":2255,"template":"","meta":[],"product_brand":[],"product_cat":[209,82,77,50],"product_tag":[],"class_list":{"0":"post-2217","1":"product","2":"type-product","3":"status-publish","4":"has-post-thumbnail","6":"product_cat-detektivni","7":"product_cat-vse_za_stovku","8":"product_cat-povidky","9":"product_cat-proza","10":"pa_barva-bez","11":"pa_prebal-bez_prebalu","12":"pa_prebal-mirne-poskozeny-prebal","13":"pa_stav-bezny","14":"pa_vazba-kplatno","16":"first","17":"instock","18":"shipping-taxable","19":"purchasable","20":"product-type-simple"},"jetpack-related-posts":[{"id":2369,"url":"https:\/\/www.svejkmuseum.cz\/wp\/produkt\/j32\/","url_meta":{"origin":2217,"position":0},"title":"Nen\u00ed \u0159\u00edmsk\u00e9ho lidu","author":"Jaroslav \u0160er\u00e1k","date":"21. 5. 2022","format":false,"excerpt":"Autor: Jarmila Loukotkov\u00e1 Editor: N\u00e1zev: Nen\u00ed \u0159\u00edmsk\u00e9ho lidu Podtitul: Rok vyd\u00e1n\u00ed: 1985 \u010ceskoslovensk\u00fd spisovatel","rel":"","context":"Podobn\u00fd p\u0159\u00edsp\u011bvek","block_context":{"text":"Podobn\u00fd p\u0159\u00edsp\u011bvek","link":""},"img":{"alt_text":"","src":"https:\/\/i0.wp.com\/www.svejkmuseum.cz\/wp\/wp-content\/uploads\/2022\/05\/neni-rimskeho-lidu-1-scaled.jpg?resize=350%2C200&ssl=1","width":350,"height":200,"srcset":"https:\/\/i0.wp.com\/www.svejkmuseum.cz\/wp\/wp-content\/uploads\/2022\/05\/neni-rimskeho-lidu-1-scaled.jpg?resize=350%2C200&ssl=1 1x, https:\/\/i0.wp.com\/www.svejkmuseum.cz\/wp\/wp-content\/uploads\/2022\/05\/neni-rimskeho-lidu-1-scaled.jpg?resize=525%2C300&ssl=1 1.5x, https:\/\/i0.wp.com\/www.svejkmuseum.cz\/wp\/wp-content\/uploads\/2022\/05\/neni-rimskeho-lidu-1-scaled.jpg?resize=700%2C400&ssl=1 2x, https:\/\/i0.wp.com\/www.svejkmuseum.cz\/wp\/wp-content\/uploads\/2022\/05\/neni-rimskeho-lidu-1-scaled.jpg?resize=1050%2C600&ssl=1 3x, https:\/\/i0.wp.com\/www.svejkmuseum.cz\/wp\/wp-content\/uploads\/2022\/05\/neni-rimskeho-lidu-1-scaled.jpg?resize=1400%2C800&ssl=1 4x"},"classes":[]},{"id":2009,"url":"https:\/\/www.svejkmuseum.cz\/wp\/produkt\/i20\/","url_meta":{"origin":2217,"position":1},"title":"L\u00e1ska Jeanne Neuillov\u00e9","author":"Jaroslav \u0160er\u00e1k","date":"14. 4. 2022","format":false,"excerpt":"Autor: Ilja Erenburg Editor: N\u00e1zev: L\u00e1ska Jeanne Neuillov\u00e9 Podtitul: Rok vyd\u00e1n\u00ed: 1968 Sv\u011bt Sov\u011bt\u016f","rel":"","context":"Podobn\u00fd p\u0159\u00edsp\u011bvek","block_context":{"text":"Podobn\u00fd p\u0159\u00edsp\u011bvek","link":""},"img":{"alt_text":"","src":"https:\/\/i0.wp.com\/www.svejkmuseum.cz\/wp\/wp-content\/uploads\/2022\/04\/laska-jean-neuillove-2-scaled.jpg?resize=350%2C200&ssl=1","width":350,"height":200,"srcset":"https:\/\/i0.wp.com\/www.svejkmuseum.cz\/wp\/wp-content\/uploads\/2022\/04\/laska-jean-neuillove-2-scaled.jpg?resize=350%2C200&ssl=1 1x, https:\/\/i0.wp.com\/www.svejkmuseum.cz\/wp\/wp-content\/uploads\/2022\/04\/laska-jean-neuillove-2-scaled.jpg?resize=525%2C300&ssl=1 1.5x, https:\/\/i0.wp.com\/www.svejkmuseum.cz\/wp\/wp-content\/uploads\/2022\/04\/laska-jean-neuillove-2-scaled.jpg?resize=700%2C400&ssl=1 2x, https:\/\/i0.wp.com\/www.svejkmuseum.cz\/wp\/wp-content\/uploads\/2022\/04\/laska-jean-neuillove-2-scaled.jpg?resize=1050%2C600&ssl=1 3x, https:\/\/i0.wp.com\/www.svejkmuseum.cz\/wp\/wp-content\/uploads\/2022\/04\/laska-jean-neuillove-2-scaled.jpg?resize=1400%2C800&ssl=1 4x"},"classes":[]},{"id":2127,"url":"https:\/\/www.svejkmuseum.cz\/wp\/produkt\/i44\/","url_meta":{"origin":2217,"position":2},"title":"P.S.","author":"Jaroslav \u0160er\u00e1k","date":"2. 5. 2022","format":false,"excerpt":"Autor: A\u0148a Geislerov\u00e1 Editor: N\u00e1zev: P.S. Podtitul: Rok vyd\u00e1n\u00ed: 2015 Euromedia","rel":"","context":"Podobn\u00fd p\u0159\u00edsp\u011bvek","block_context":{"text":"Podobn\u00fd p\u0159\u00edsp\u011bvek","link":""},"img":{"alt_text":"","src":"https:\/\/i0.wp.com\/www.svejkmuseum.cz\/wp\/wp-content\/uploads\/2022\/05\/ps-geislerova-1-scaled.jpg?resize=350%2C200&ssl=1","width":350,"height":200,"srcset":"https:\/\/i0.wp.com\/www.svejkmuseum.cz\/wp\/wp-content\/uploads\/2022\/05\/ps-geislerova-1-scaled.jpg?resize=350%2C200&ssl=1 1x, https:\/\/i0.wp.com\/www.svejkmuseum.cz\/wp\/wp-content\/uploads\/2022\/05\/ps-geislerova-1-scaled.jpg?resize=525%2C300&ssl=1 1.5x, https:\/\/i0.wp.com\/www.svejkmuseum.cz\/wp\/wp-content\/uploads\/2022\/05\/ps-geislerova-1-scaled.jpg?resize=700%2C400&ssl=1 2x, https:\/\/i0.wp.com\/www.svejkmuseum.cz\/wp\/wp-content\/uploads\/2022\/05\/ps-geislerova-1-scaled.jpg?resize=1050%2C600&ssl=1 3x, https:\/\/i0.wp.com\/www.svejkmuseum.cz\/wp\/wp-content\/uploads\/2022\/05\/ps-geislerova-1-scaled.jpg?resize=1400%2C800&ssl=1 4x"},"classes":[]},{"id":2132,"url":"https:\/\/www.svejkmuseum.cz\/wp\/produkt\/i48-1\/","url_meta":{"origin":2217,"position":3},"title":"Noc v Lisabonu","author":"Jaroslav \u0160er\u00e1k","date":"2. 5. 2022","format":false,"excerpt":"Autor: Erich Maria Remarque Editor: N\u00e1zev: Noc v Lisabonu Podtitul: Rok vyd\u00e1n\u00ed:1972 Na\u0161e vojsko","rel":"","context":"Podobn\u00fd p\u0159\u00edsp\u011bvek","block_context":{"text":"Podobn\u00fd p\u0159\u00edsp\u011bvek","link":""},"img":{"alt_text":"","src":"https:\/\/i0.wp.com\/www.svejkmuseum.cz\/wp\/wp-content\/uploads\/2022\/05\/noc-v-lisabonu-1.jpg?resize=350%2C200&ssl=1","width":350,"height":200,"srcset":"https:\/\/i0.wp.com\/www.svejkmuseum.cz\/wp\/wp-content\/uploads\/2022\/05\/noc-v-lisabonu-1.jpg?resize=350%2C200&ssl=1 1x, https:\/\/i0.wp.com\/www.svejkmuseum.cz\/wp\/wp-content\/uploads\/2022\/05\/noc-v-lisabonu-1.jpg?resize=525%2C300&ssl=1 1.5x, https:\/\/i0.wp.com\/www.svejkmuseum.cz\/wp\/wp-content\/uploads\/2022\/05\/noc-v-lisabonu-1.jpg?resize=700%2C400&ssl=1 2x, https:\/\/i0.wp.com\/www.svejkmuseum.cz\/wp\/wp-content\/uploads\/2022\/05\/noc-v-lisabonu-1.jpg?resize=1050%2C600&ssl=1 3x, https:\/\/i0.wp.com\/www.svejkmuseum.cz\/wp\/wp-content\/uploads\/2022\/05\/noc-v-lisabonu-1.jpg?resize=1400%2C800&ssl=1 4x"},"classes":[]},{"id":2427,"url":"https:\/\/www.svejkmuseum.cz\/wp\/produkt\/k11\/","url_meta":{"origin":2217,"position":4},"title":"Historie h\u0159\u00edchu","author":"Jaroslav \u0160er\u00e1k","date":"31. 5. 2022","format":false,"excerpt":"Autor: Stefan \u017deromski Editor: N\u00e1zev: Historie h\u0159\u00edchu Podtitul: Rok vyd\u00e1n\u00ed:1990 Odeon","rel":"","context":"Podobn\u00fd p\u0159\u00edsp\u011bvek","block_context":{"text":"Podobn\u00fd p\u0159\u00edsp\u011bvek","link":""},"img":{"alt_text":"","src":"https:\/\/i0.wp.com\/www.svejkmuseum.cz\/wp\/wp-content\/uploads\/2022\/06\/historie-hrichu-1-scaled.jpg?resize=350%2C200&ssl=1","width":350,"height":200,"srcset":"https:\/\/i0.wp.com\/www.svejkmuseum.cz\/wp\/wp-content\/uploads\/2022\/06\/historie-hrichu-1-scaled.jpg?resize=350%2C200&ssl=1 1x, https:\/\/i0.wp.com\/www.svejkmuseum.cz\/wp\/wp-content\/uploads\/2022\/06\/historie-hrichu-1-scaled.jpg?resize=525%2C300&ssl=1 1.5x, https:\/\/i0.wp.com\/www.svejkmuseum.cz\/wp\/wp-content\/uploads\/2022\/06\/historie-hrichu-1-scaled.jpg?resize=700%2C400&ssl=1 2x, https:\/\/i0.wp.com\/www.svejkmuseum.cz\/wp\/wp-content\/uploads\/2022\/06\/historie-hrichu-1-scaled.jpg?resize=1050%2C600&ssl=1 3x, https:\/\/i0.wp.com\/www.svejkmuseum.cz\/wp\/wp-content\/uploads\/2022\/06\/historie-hrichu-1-scaled.jpg?resize=1400%2C800&ssl=1 4x"},"classes":[]},{"id":2483,"url":"https:\/\/www.svejkmuseum.cz\/wp\/produkt\/k16\/","url_meta":{"origin":2217,"position":5},"title":"Ubo\u017e\u00e1ci I. II. d\u00edl (zkr\u00e1cen\u00e1 verze)","author":"Jaroslav \u0160er\u00e1k","date":"4. 6. 2022","format":false,"excerpt":"Autor: Victor Hugo P\u0159eklad: Marie Majerov\u00e1 N\u00e1zev: Ubo\u017e\u00e1ci Podtitul: Rok vyd\u00e1n\u00ed: 1961 SNDK","rel":"","context":"Podobn\u00fd p\u0159\u00edsp\u011bvek","block_context":{"text":"Podobn\u00fd p\u0159\u00edsp\u011bvek","link":""},"img":{"alt_text":"","src":"https:\/\/i0.wp.com\/www.svejkmuseum.cz\/wp\/wp-content\/uploads\/2022\/06\/ubozaci-1-scaled.jpg?resize=350%2C200&ssl=1","width":350,"height":200,"srcset":"https:\/\/i0.wp.com\/www.svejkmuseum.cz\/wp\/wp-content\/uploads\/2022\/06\/ubozaci-1-scaled.jpg?resize=350%2C200&ssl=1 1x, https:\/\/i0.wp.com\/www.svejkmuseum.cz\/wp\/wp-content\/uploads\/2022\/06\/ubozaci-1-scaled.jpg?resize=525%2C300&ssl=1 1.5x, https:\/\/i0.wp.com\/www.svejkmuseum.cz\/wp\/wp-content\/uploads\/2022\/06\/ubozaci-1-scaled.jpg?resize=700%2C400&ssl=1 2x, https:\/\/i0.wp.com\/www.svejkmuseum.cz\/wp\/wp-content\/uploads\/2022\/06\/ubozaci-1-scaled.jpg?resize=1050%2C600&ssl=1 3x, https:\/\/i0.wp.com\/www.svejkmuseum.cz\/wp\/wp-content\/uploads\/2022\/06\/ubozaci-1-scaled.jpg?resize=1400%2C800&ssl=1 4x"},"classes":[]}],"jetpack_sharing_enabled":true,"_links":{"self":[{"href":"https:\/\/www.svejkmuseum.cz\/wp\/wp-json\/wp\/v2\/product\/2217","targetHints":{"allow":["GET"]}}],"collection":[{"href":"https:\/\/www.svejkmuseum.cz\/wp\/wp-json\/wp\/v2\/product"}],"about":[{"href":"https:\/\/www.svejkmuseum.cz\/wp\/wp-json\/wp\/v2\/types\/product"}],"wp:featuredmedia":[{"embeddable":true,"href":"https:\/\/www.svejkmuseum.cz\/wp\/wp-json\/wp\/v2\/media\/2255"}],"wp:attachment":[{"href":"https:\/\/www.svejkmuseum.cz\/wp\/wp-json\/wp\/v2\/media?parent=2217"}],"wp:term":[{"taxonomy":"product_brand","embeddable":true,"href":"https:\/\/www.svejkmuseum.cz\/wp\/wp-json\/wp\/v2\/product_brand?post=2217"},{"taxonomy":"product_cat","embeddable":true,"href":"https:\/\/www.svejkmuseum.cz\/wp\/wp-json\/wp\/v2\/product_cat?post=2217"},{"taxonomy":"product_tag","embeddable":true,"href":"https:\/\/www.svejkmuseum.cz\/wp\/wp-json\/wp\/v2\/product_tag?post=2217"}],"curies":[{"name":"wp","href":"https:\/\/api.w.org\/{rel}","templated":true}]}}