{"id":1997,"date":"2022-04-12T22:31:22","date_gmt":"2022-04-12T20:31:22","guid":{"rendered":"https:\/\/www.svejkmuseum.cz\/wp\/?post_type=product&#038;p=1997"},"modified":"2022-04-13T00:04:44","modified_gmt":"2022-04-12T22:04:44","slug":"i12","status":"publish","type":"product","link":"https:\/\/www.svejkmuseum.cz\/wp\/produkt\/i12\/","title":{"rendered":"Plav\u00fd k\u016f\u0148"},"content":{"rendered":"<p>Z\u00e1hadn\u00e1 vra\u017eda kn\u011bze vracej\u00edc\u00edho se jednoho mlhav\u00e9ho ve\u010dera od um\u00edraj\u00edc\u00ed \u017eeny a je\u0161t\u011b z\u00e1hadn\u011bj\u0161\u00ed seznam jmen nalezen\u00fd v jeho bot\u011b\u2026 Cht\u011bl vrah z\u00edskat pr\u00e1v\u011b tento kousek pap\u00edru? Co mohli m\u00edt tito lid\u00e9 spole\u010dn\u00e9ho? Vypad\u00e1 to, \u017ee jsou v\u0161ichni mrtv\u00ed\u2026 Magie, voodoo, transy, b\u00edl\u00ed kohouti a sk\u0159\u00ed\u0148ka pln\u00e1 blikaj\u00edc\u00edch \u017e\u00e1rovi\u010dek a podivn\u00fdch sou\u010d\u00e1stek. Je mo\u017en\u00e9 vra\u017edit na d\u00e1lku? Existuje snad n\u011bjak\u00e1 organizace, kter\u00e1 se zab\u00fdv\u00e1 likvidac\u00ed ne\u017e\u00e1douc\u00edch osob? Kdo stoj\u00ed v jej\u00edm \u010dele? To v\u0161e se sna\u017e\u00ed zjistit nejen policejn\u00ed inspektor Lejeune, ale i spisovatel Mark Easterbrook. Poda\u0159\u00ed se jim rozlu\u0161tit tajemstv\u00ed jmen na seznamu?<\/p>\n","protected":false},"excerpt":{"rendered":"<p>Autor: Agatha Christie<\/p>\n<p>Editor:<\/p>\n<p>N\u00e1zev: Plav\u00fd k\u016f\u0148<\/p>\n<p>Podtitul:<\/p>\n<p>Rok vyd\u00e1n\u00ed: 1984 Pr\u00e1ce<\/p>\n","protected":false},"featured_media":1985,"template":"","meta":[],"product_brand":[],"product_cat":[82,50,214],"product_tag":[],"class_list":{"0":"post-1997","1":"product","2":"type-product","3":"status-publish","4":"has-post-thumbnail","6":"product_cat-vse_za_stovku","7":"product_cat-proza","8":"product_cat-roman-detektivni","9":"pa_barva-cerne","10":"pa_prebal-bez_prebalu","11":"pa_stav-bezny","12":"pa_vazba-brozura","14":"first","15":"instock","16":"shipping-taxable","17":"purchasable","18":"product-type-simple"},"jetpack-related-posts":[{"id":1479,"url":"https:\/\/www.svejkmuseum.cz\/wp\/produkt\/c46\/","url_meta":{"origin":1997,"position":0},"title":"\u017div\u00fd pramen","author":"Jaroslav \u0160er\u00e1k","date":"24. 2. 2022","format":false,"excerpt":"Autor: Editor: V\u011bra Karf\u00edkov\u00e1 N\u00e1zev: \u017div\u00fd pramen Podtitul: V\u00fdbor z \u010desk\u00e9 a slovensk\u00e9 lidov\u00e9 poezie Rok vyd\u00e1n\u00ed: 1984 Albatros","rel":"","context":"Podobn\u00fd p\u0159\u00edsp\u011bvek","block_context":{"text":"Podobn\u00fd p\u0159\u00edsp\u011bvek","link":""},"img":{"alt_text":"","src":"https:\/\/i0.wp.com\/www.svejkmuseum.cz\/wp\/wp-content\/uploads\/2022\/02\/zivy-pramen-1-scaled.jpg?resize=350%2C200&ssl=1","width":350,"height":200,"srcset":"https:\/\/i0.wp.com\/www.svejkmuseum.cz\/wp\/wp-content\/uploads\/2022\/02\/zivy-pramen-1-scaled.jpg?resize=350%2C200&ssl=1 1x, https:\/\/i0.wp.com\/www.svejkmuseum.cz\/wp\/wp-content\/uploads\/2022\/02\/zivy-pramen-1-scaled.jpg?resize=525%2C300&ssl=1 1.5x, https:\/\/i0.wp.com\/www.svejkmuseum.cz\/wp\/wp-content\/uploads\/2022\/02\/zivy-pramen-1-scaled.jpg?resize=700%2C400&ssl=1 2x, https:\/\/i0.wp.com\/www.svejkmuseum.cz\/wp\/wp-content\/uploads\/2022\/02\/zivy-pramen-1-scaled.jpg?resize=1050%2C600&ssl=1 3x, https:\/\/i0.wp.com\/www.svejkmuseum.cz\/wp\/wp-content\/uploads\/2022\/02\/zivy-pramen-1-scaled.jpg?resize=1400%2C800&ssl=1 4x"},"classes":[]},{"id":1061,"url":"https:\/\/www.svejkmuseum.cz\/wp\/produkt\/b8-2\/","url_meta":{"origin":1997,"position":1},"title":"P\u00edsn\u011b a lamentace","author":"Jaroslav \u0160er\u00e1k","date":"5. 2. 2022","format":false,"excerpt":"Autor: Heinrich Heine Editor: Klub p\u0159\u00e1tel poezie N\u00e1zev: P\u00edsn\u011b a lamentace Podtitul: Rok vyd\u00e1n\u00ed: 1966","rel":"","context":"Podobn\u00fd p\u0159\u00edsp\u011bvek","block_context":{"text":"Podobn\u00fd p\u0159\u00edsp\u011bvek","link":""},"img":{"alt_text":"","src":"https:\/\/i0.wp.com\/www.svejkmuseum.cz\/wp\/wp-content\/uploads\/2022\/02\/heine-pisne-a-lamentace-1.jpg?resize=350%2C200&ssl=1","width":350,"height":200,"srcset":"https:\/\/i0.wp.com\/www.svejkmuseum.cz\/wp\/wp-content\/uploads\/2022\/02\/heine-pisne-a-lamentace-1.jpg?resize=350%2C200&ssl=1 1x, https:\/\/i0.wp.com\/www.svejkmuseum.cz\/wp\/wp-content\/uploads\/2022\/02\/heine-pisne-a-lamentace-1.jpg?resize=525%2C300&ssl=1 1.5x, https:\/\/i0.wp.com\/www.svejkmuseum.cz\/wp\/wp-content\/uploads\/2022\/02\/heine-pisne-a-lamentace-1.jpg?resize=700%2C400&ssl=1 2x, https:\/\/i0.wp.com\/www.svejkmuseum.cz\/wp\/wp-content\/uploads\/2022\/02\/heine-pisne-a-lamentace-1.jpg?resize=1050%2C600&ssl=1 3x, https:\/\/i0.wp.com\/www.svejkmuseum.cz\/wp\/wp-content\/uploads\/2022\/02\/heine-pisne-a-lamentace-1.jpg?resize=1400%2C800&ssl=1 4x"},"classes":[]},{"id":1842,"url":"https:\/\/www.svejkmuseum.cz\/wp\/produkt\/h28\/","url_meta":{"origin":1997,"position":2},"title":"P\u011bstujeme pokojov\u00e9 kv\u011btiny","author":"Jaroslav \u0160er\u00e1k","date":"17. 3. 2022","format":false,"excerpt":"Autor: Old\u0159ich Bure\u0161 Editor: N\u00e1zev: P\u011bstujeme pokojov\u00e9 kv\u011btiny Podtitul: Rok vyd\u00e1n\u00ed: 1977 Tiskov\u00e1 a edi\u010dn\u00ed propaga\u010dn\u00ed slu\u017eba","rel":"","context":"Podobn\u00fd p\u0159\u00edsp\u011bvek","block_context":{"text":"Podobn\u00fd p\u0159\u00edsp\u011bvek","link":""},"img":{"alt_text":"","src":"https:\/\/i0.wp.com\/www.svejkmuseum.cz\/wp\/wp-content\/uploads\/2022\/03\/pestujeme-pokojove-rostliny-1.jpg?resize=350%2C200&ssl=1","width":350,"height":200,"srcset":"https:\/\/i0.wp.com\/www.svejkmuseum.cz\/wp\/wp-content\/uploads\/2022\/03\/pestujeme-pokojove-rostliny-1.jpg?resize=350%2C200&ssl=1 1x, https:\/\/i0.wp.com\/www.svejkmuseum.cz\/wp\/wp-content\/uploads\/2022\/03\/pestujeme-pokojove-rostliny-1.jpg?resize=525%2C300&ssl=1 1.5x, https:\/\/i0.wp.com\/www.svejkmuseum.cz\/wp\/wp-content\/uploads\/2022\/03\/pestujeme-pokojove-rostliny-1.jpg?resize=700%2C400&ssl=1 2x, https:\/\/i0.wp.com\/www.svejkmuseum.cz\/wp\/wp-content\/uploads\/2022\/03\/pestujeme-pokojove-rostliny-1.jpg?resize=1050%2C600&ssl=1 3x, https:\/\/i0.wp.com\/www.svejkmuseum.cz\/wp\/wp-content\/uploads\/2022\/03\/pestujeme-pokojove-rostliny-1.jpg?resize=1400%2C800&ssl=1 4x"},"classes":[]},{"id":2413,"url":"https:\/\/www.svejkmuseum.cz\/wp\/produkt\/j40\/","url_meta":{"origin":1997,"position":3},"title":"Frantina","author":"Jaroslav \u0160er\u00e1k","date":"24. 5. 2022","format":false,"excerpt":"Autor: Karolina Sv\u011btl\u00e1 Editor: N\u00e1zev: Frantina Podtitul: Rok vyd\u00e1n\u00ed: 1960 SPN","rel":"","context":"Podobn\u00fd p\u0159\u00edsp\u011bvek","block_context":{"text":"Podobn\u00fd p\u0159\u00edsp\u011bvek","link":""},"img":{"alt_text":"","src":"https:\/\/i0.wp.com\/www.svejkmuseum.cz\/wp\/wp-content\/uploads\/2022\/05\/frantina-1-scaled.jpg?resize=350%2C200&ssl=1","width":350,"height":200,"srcset":"https:\/\/i0.wp.com\/www.svejkmuseum.cz\/wp\/wp-content\/uploads\/2022\/05\/frantina-1-scaled.jpg?resize=350%2C200&ssl=1 1x, https:\/\/i0.wp.com\/www.svejkmuseum.cz\/wp\/wp-content\/uploads\/2022\/05\/frantina-1-scaled.jpg?resize=525%2C300&ssl=1 1.5x, https:\/\/i0.wp.com\/www.svejkmuseum.cz\/wp\/wp-content\/uploads\/2022\/05\/frantina-1-scaled.jpg?resize=700%2C400&ssl=1 2x, https:\/\/i0.wp.com\/www.svejkmuseum.cz\/wp\/wp-content\/uploads\/2022\/05\/frantina-1-scaled.jpg?resize=1050%2C600&ssl=1 3x, https:\/\/i0.wp.com\/www.svejkmuseum.cz\/wp\/wp-content\/uploads\/2022\/05\/frantina-1-scaled.jpg?resize=1400%2C800&ssl=1 4x"},"classes":[]},{"id":2257,"url":"https:\/\/www.svejkmuseum.cz\/wp\/produkt\/j15\/","url_meta":{"origin":1997,"position":4},"title":"Gener\u00e1l Karel Kutlva\u0161r","author":"Jaroslav \u0160er\u00e1k","date":"20. 5. 2022","format":false,"excerpt":"Autor: Josef Slanina, Zden\u011bk Vali\u0161 Editor: N\u00e1zev: Gener\u00e1l Karel Kutlva\u0161r Podtitul: Rok vyd\u00e1n\u00ed: 1993 Na\u0161e vojsko","rel":"","context":"Podobn\u00fd p\u0159\u00edsp\u011bvek","block_context":{"text":"Podobn\u00fd p\u0159\u00edsp\u011bvek","link":""},"img":{"alt_text":"","src":"https:\/\/i0.wp.com\/www.svejkmuseum.cz\/wp\/wp-content\/uploads\/2022\/05\/gen-kutlvasr-1-scaled.jpg?resize=350%2C200&ssl=1","width":350,"height":200,"srcset":"https:\/\/i0.wp.com\/www.svejkmuseum.cz\/wp\/wp-content\/uploads\/2022\/05\/gen-kutlvasr-1-scaled.jpg?resize=350%2C200&ssl=1 1x, https:\/\/i0.wp.com\/www.svejkmuseum.cz\/wp\/wp-content\/uploads\/2022\/05\/gen-kutlvasr-1-scaled.jpg?resize=525%2C300&ssl=1 1.5x, https:\/\/i0.wp.com\/www.svejkmuseum.cz\/wp\/wp-content\/uploads\/2022\/05\/gen-kutlvasr-1-scaled.jpg?resize=700%2C400&ssl=1 2x, https:\/\/i0.wp.com\/www.svejkmuseum.cz\/wp\/wp-content\/uploads\/2022\/05\/gen-kutlvasr-1-scaled.jpg?resize=1050%2C600&ssl=1 3x, https:\/\/i0.wp.com\/www.svejkmuseum.cz\/wp\/wp-content\/uploads\/2022\/05\/gen-kutlvasr-1-scaled.jpg?resize=1400%2C800&ssl=1 4x"},"classes":[]},{"id":2099,"url":"https:\/\/www.svejkmuseum.cz\/wp\/produkt\/i40\/","url_meta":{"origin":1997,"position":5},"title":"Enola Gay","author":"Jaroslav \u0160er\u00e1k","date":"1. 5. 2022","format":false,"excerpt":"Autor: Gordon Thomas,\u00a0Max Morgan Witts Editor: N\u00e1zev: Enola Gay Podtitul: Rok vyd\u00e1n\u00ed: 1984 Na\u0161e Vojsko","rel":"","context":"Podobn\u00fd p\u0159\u00edsp\u011bvek","block_context":{"text":"Podobn\u00fd p\u0159\u00edsp\u011bvek","link":""},"img":{"alt_text":"","src":"https:\/\/i0.wp.com\/www.svejkmuseum.cz\/wp\/wp-content\/uploads\/2022\/05\/enola-gay-1-scaled.jpg?resize=350%2C200&ssl=1","width":350,"height":200,"srcset":"https:\/\/i0.wp.com\/www.svejkmuseum.cz\/wp\/wp-content\/uploads\/2022\/05\/enola-gay-1-scaled.jpg?resize=350%2C200&ssl=1 1x, https:\/\/i0.wp.com\/www.svejkmuseum.cz\/wp\/wp-content\/uploads\/2022\/05\/enola-gay-1-scaled.jpg?resize=525%2C300&ssl=1 1.5x, https:\/\/i0.wp.com\/www.svejkmuseum.cz\/wp\/wp-content\/uploads\/2022\/05\/enola-gay-1-scaled.jpg?resize=700%2C400&ssl=1 2x, https:\/\/i0.wp.com\/www.svejkmuseum.cz\/wp\/wp-content\/uploads\/2022\/05\/enola-gay-1-scaled.jpg?resize=1050%2C600&ssl=1 3x, https:\/\/i0.wp.com\/www.svejkmuseum.cz\/wp\/wp-content\/uploads\/2022\/05\/enola-gay-1-scaled.jpg?resize=1400%2C800&ssl=1 4x"},"classes":[]}],"jetpack_sharing_enabled":true,"_links":{"self":[{"href":"https:\/\/www.svejkmuseum.cz\/wp\/wp-json\/wp\/v2\/product\/1997","targetHints":{"allow":["GET"]}}],"collection":[{"href":"https:\/\/www.svejkmuseum.cz\/wp\/wp-json\/wp\/v2\/product"}],"about":[{"href":"https:\/\/www.svejkmuseum.cz\/wp\/wp-json\/wp\/v2\/types\/product"}],"wp:featuredmedia":[{"embeddable":true,"href":"https:\/\/www.svejkmuseum.cz\/wp\/wp-json\/wp\/v2\/media\/1985"}],"wp:attachment":[{"href":"https:\/\/www.svejkmuseum.cz\/wp\/wp-json\/wp\/v2\/media?parent=1997"}],"wp:term":[{"taxonomy":"product_brand","embeddable":true,"href":"https:\/\/www.svejkmuseum.cz\/wp\/wp-json\/wp\/v2\/product_brand?post=1997"},{"taxonomy":"product_cat","embeddable":true,"href":"https:\/\/www.svejkmuseum.cz\/wp\/wp-json\/wp\/v2\/product_cat?post=1997"},{"taxonomy":"product_tag","embeddable":true,"href":"https:\/\/www.svejkmuseum.cz\/wp\/wp-json\/wp\/v2\/product_tag?post=1997"}],"curies":[{"name":"wp","href":"https:\/\/api.w.org\/{rel}","templated":true}]}}