{"id":1482,"date":"2022-02-24T01:28:05","date_gmt":"2022-02-24T00:28:05","guid":{"rendered":"https:\/\/www.svejkmuseum.cz\/wp\/?post_type=product&#038;p=1482"},"modified":"2022-02-25T22:10:55","modified_gmt":"2022-02-25T21:10:55","slug":"f1","status":"publish","type":"product","link":"https:\/\/www.svejkmuseum.cz\/wp\/produkt\/f1\/","title":{"rendered":"Microsoft Access 2003"},"content":{"rendered":"<p>Podrobn\u00e1 u\u017eivatelsk\u00e1 p\u0159\u00edru\u010dka<\/p>\n<p>I kdy\u017e je to u\u017e dvacet let star\u00fd manu\u00e1l, st\u00e1le je u\u017eite\u010dn\u00fd p\u0159i tvorb\u011b datab\u00e1zov\u00fdch tabulek, dotaz\u016f, formul\u00e1\u0159\u016f atd.<\/p>\n","protected":false},"excerpt":{"rendered":"<p>Autor: David Morkes<\/p>\n<p>Editor:<\/p>\n<p>N\u00e1zev: Microsoft Access 2003<\/p>\n<p>Podtitul: Podrobn\u00e1 u\u017eivatelsk\u00e1 p\u0159\u00edru\u010dka<\/p>\n<p>Rok vyd\u00e1n\u00ed: 2003<\/p>\n","protected":false},"featured_media":1518,"template":"","meta":[],"product_brand":[],"product_cat":[82,180,52,53],"product_tag":[],"class_list":{"0":"post-1482","1":"product","2":"type-product","3":"status-publish","4":"has-post-thumbnail","6":"product_cat-vse_za_stovku","7":"product_cat-naucna-literatura","8":"product_cat-odborna-literatura","9":"product_cat-technicka","10":"pa_barva-cerne","11":"pa_prebal-bez_prebalu","12":"pa_stav-bezny","13":"pa_vazba-brozura","15":"first","16":"instock","17":"shipping-taxable","18":"purchasable","19":"product-type-simple"},"jetpack-related-posts":[{"id":1483,"url":"https:\/\/www.svejkmuseum.cz\/wp\/produkt\/f2\/","url_meta":{"origin":1482,"position":0},"title":"Microsoft Excel 2003","author":"Jaroslav \u0160er\u00e1k","date":"24. 2. 2022","format":false,"excerpt":"Autor: Kolektiv autor\u016f Editor: N\u00e1zev: Microsoft Excel 2003 Podtitul: Jednodu\u0161e, srozumiteln\u011b, n\u00e1zorn\u011b Rok vyd\u00e1n\u00ed: 2003","rel":"","context":"Podobn\u00fd p\u0159\u00edsp\u011bvek","block_context":{"text":"Podobn\u00fd p\u0159\u00edsp\u011bvek","link":""},"img":{"alt_text":"","src":"https:\/\/i0.wp.com\/www.svejkmuseum.cz\/wp\/wp-content\/uploads\/2022\/02\/excel-2003-1-scaled.jpg?resize=350%2C200&ssl=1","width":350,"height":200,"srcset":"https:\/\/i0.wp.com\/www.svejkmuseum.cz\/wp\/wp-content\/uploads\/2022\/02\/excel-2003-1-scaled.jpg?resize=350%2C200&ssl=1 1x, https:\/\/i0.wp.com\/www.svejkmuseum.cz\/wp\/wp-content\/uploads\/2022\/02\/excel-2003-1-scaled.jpg?resize=525%2C300&ssl=1 1.5x, https:\/\/i0.wp.com\/www.svejkmuseum.cz\/wp\/wp-content\/uploads\/2022\/02\/excel-2003-1-scaled.jpg?resize=700%2C400&ssl=1 2x, https:\/\/i0.wp.com\/www.svejkmuseum.cz\/wp\/wp-content\/uploads\/2022\/02\/excel-2003-1-scaled.jpg?resize=1050%2C600&ssl=1 3x, https:\/\/i0.wp.com\/www.svejkmuseum.cz\/wp\/wp-content\/uploads\/2022\/02\/excel-2003-1-scaled.jpg?resize=1400%2C800&ssl=1 4x"},"classes":[]},{"id":1610,"url":"https:\/\/www.svejkmuseum.cz\/wp\/produkt\/f21\/","url_meta":{"origin":1482,"position":1},"title":"P\u0159\u00edru\u010dka regula\u010dn\u00ed techniky","author":"Jaroslav \u0160er\u00e1k","date":"1. 3. 2022","format":false,"excerpt":"Autor: Winfried Oppelt Editor: N\u00e1zev: P\u0159\u00edru\u010dka regula\u010dn\u00ed techniky Podtitul: Rok vyd\u00e1n\u00ed: 1967 SNTL","rel":"","context":"Podobn\u00fd p\u0159\u00edsp\u011bvek","block_context":{"text":"Podobn\u00fd p\u0159\u00edsp\u011bvek","link":""},"img":{"alt_text":"","src":"https:\/\/i0.wp.com\/www.svejkmuseum.cz\/wp\/wp-content\/uploads\/2022\/03\/P1060605.jpg?resize=350%2C200&ssl=1","width":350,"height":200,"srcset":"https:\/\/i0.wp.com\/www.svejkmuseum.cz\/wp\/wp-content\/uploads\/2022\/03\/P1060605.jpg?resize=350%2C200&ssl=1 1x, https:\/\/i0.wp.com\/www.svejkmuseum.cz\/wp\/wp-content\/uploads\/2022\/03\/P1060605.jpg?resize=525%2C300&ssl=1 1.5x, https:\/\/i0.wp.com\/www.svejkmuseum.cz\/wp\/wp-content\/uploads\/2022\/03\/P1060605.jpg?resize=700%2C400&ssl=1 2x, https:\/\/i0.wp.com\/www.svejkmuseum.cz\/wp\/wp-content\/uploads\/2022\/03\/P1060605.jpg?resize=1050%2C600&ssl=1 3x"},"classes":[]},{"id":1842,"url":"https:\/\/www.svejkmuseum.cz\/wp\/produkt\/h28\/","url_meta":{"origin":1482,"position":2},"title":"P\u011bstujeme pokojov\u00e9 kv\u011btiny","author":"Jaroslav \u0160er\u00e1k","date":"17. 3. 2022","format":false,"excerpt":"Autor: Old\u0159ich Bure\u0161 Editor: N\u00e1zev: P\u011bstujeme pokojov\u00e9 kv\u011btiny Podtitul: Rok vyd\u00e1n\u00ed: 1977 Tiskov\u00e1 a edi\u010dn\u00ed propaga\u010dn\u00ed slu\u017eba","rel":"","context":"Podobn\u00fd p\u0159\u00edsp\u011bvek","block_context":{"text":"Podobn\u00fd p\u0159\u00edsp\u011bvek","link":""},"img":{"alt_text":"","src":"https:\/\/i0.wp.com\/www.svejkmuseum.cz\/wp\/wp-content\/uploads\/2022\/03\/pestujeme-pokojove-rostliny-1.jpg?resize=350%2C200&ssl=1","width":350,"height":200,"srcset":"https:\/\/i0.wp.com\/www.svejkmuseum.cz\/wp\/wp-content\/uploads\/2022\/03\/pestujeme-pokojove-rostliny-1.jpg?resize=350%2C200&ssl=1 1x, https:\/\/i0.wp.com\/www.svejkmuseum.cz\/wp\/wp-content\/uploads\/2022\/03\/pestujeme-pokojove-rostliny-1.jpg?resize=525%2C300&ssl=1 1.5x, https:\/\/i0.wp.com\/www.svejkmuseum.cz\/wp\/wp-content\/uploads\/2022\/03\/pestujeme-pokojove-rostliny-1.jpg?resize=700%2C400&ssl=1 2x, https:\/\/i0.wp.com\/www.svejkmuseum.cz\/wp\/wp-content\/uploads\/2022\/03\/pestujeme-pokojove-rostliny-1.jpg?resize=1050%2C600&ssl=1 3x, https:\/\/i0.wp.com\/www.svejkmuseum.cz\/wp\/wp-content\/uploads\/2022\/03\/pestujeme-pokojove-rostliny-1.jpg?resize=1400%2C800&ssl=1 4x"},"classes":[]},{"id":1484,"url":"https:\/\/www.svejkmuseum.cz\/wp\/produkt\/f3\/","url_meta":{"origin":1482,"position":3},"title":"Microsoft Office 2007","author":"Jaroslav \u0160er\u00e1k","date":"24. 2. 2022","format":false,"excerpt":"Autor: Petr Bro\u017ea a kol. Editor: N\u00e1zev: Microsoft Office 2007 Podtitul: Bible; Pr\u016fvodce pro ka\u017ed\u00e9ho Rok vyd\u00e1n\u00ed: 2007","rel":"","context":"Podobn\u00fd p\u0159\u00edsp\u011bvek","block_context":{"text":"Podobn\u00fd p\u0159\u00edsp\u011bvek","link":""},"img":{"alt_text":"","src":"https:\/\/i0.wp.com\/www.svejkmuseum.cz\/wp\/wp-content\/uploads\/2022\/02\/office-2007-2-scaled.jpg?resize=350%2C200&ssl=1","width":350,"height":200,"srcset":"https:\/\/i0.wp.com\/www.svejkmuseum.cz\/wp\/wp-content\/uploads\/2022\/02\/office-2007-2-scaled.jpg?resize=350%2C200&ssl=1 1x, https:\/\/i0.wp.com\/www.svejkmuseum.cz\/wp\/wp-content\/uploads\/2022\/02\/office-2007-2-scaled.jpg?resize=525%2C300&ssl=1 1.5x, https:\/\/i0.wp.com\/www.svejkmuseum.cz\/wp\/wp-content\/uploads\/2022\/02\/office-2007-2-scaled.jpg?resize=700%2C400&ssl=1 2x, https:\/\/i0.wp.com\/www.svejkmuseum.cz\/wp\/wp-content\/uploads\/2022\/02\/office-2007-2-scaled.jpg?resize=1050%2C600&ssl=1 3x, https:\/\/i0.wp.com\/www.svejkmuseum.cz\/wp\/wp-content\/uploads\/2022\/02\/office-2007-2-scaled.jpg?resize=1400%2C800&ssl=1 4x"},"classes":[]},{"id":1811,"url":"https:\/\/www.svejkmuseum.cz\/wp\/produkt\/h18\/","url_meta":{"origin":1482,"position":4},"title":"Konzervace a ukl\u00e1d\u00e1n\u00ed potravin v dom\u00e1cnosti","author":"Jaroslav \u0160er\u00e1k","date":"15. 3. 2022","format":false,"excerpt":"Autor: Karel P\u016fhon\u00fd Editor: N\u00e1zev: Konzervace a ukl\u00e1d\u00e1n\u00ed potravin v dom\u00e1cnosti Podtitul: Rok vyd\u00e1n\u00ed: 1976 M\u00edr","rel":"","context":"Podobn\u00fd p\u0159\u00edsp\u011bvek","block_context":{"text":"Podobn\u00fd p\u0159\u00edsp\u011bvek","link":""},"img":{"alt_text":"","src":"https:\/\/i0.wp.com\/www.svejkmuseum.cz\/wp\/wp-content\/uploads\/2022\/03\/konzervace-potravin-1.jpg?resize=350%2C200&ssl=1","width":350,"height":200,"srcset":"https:\/\/i0.wp.com\/www.svejkmuseum.cz\/wp\/wp-content\/uploads\/2022\/03\/konzervace-potravin-1.jpg?resize=350%2C200&ssl=1 1x, https:\/\/i0.wp.com\/www.svejkmuseum.cz\/wp\/wp-content\/uploads\/2022\/03\/konzervace-potravin-1.jpg?resize=525%2C300&ssl=1 1.5x, https:\/\/i0.wp.com\/www.svejkmuseum.cz\/wp\/wp-content\/uploads\/2022\/03\/konzervace-potravin-1.jpg?resize=700%2C400&ssl=1 2x, https:\/\/i0.wp.com\/www.svejkmuseum.cz\/wp\/wp-content\/uploads\/2022\/03\/konzervace-potravin-1.jpg?resize=1050%2C600&ssl=1 3x"},"classes":[]},{"id":1387,"url":"https:\/\/www.svejkmuseum.cz\/wp\/produkt\/e15\/","url_meta":{"origin":1482,"position":5},"title":"\u0160umava | turistick\u00fd pr\u016fvodce","author":"Jaroslav \u0160er\u00e1k","date":"21. 2. 2022","format":false,"excerpt":"Autor: kolektiv autor\u016f Editor: N\u00e1zev: \u0160umava Podtitul: turistick\u00fd pr\u016fvodce Rok vyd\u00e1n\u00ed: 1986 Olympia","rel":"","context":"Podobn\u00fd p\u0159\u00edsp\u011bvek","block_context":{"text":"Podobn\u00fd p\u0159\u00edsp\u011bvek","link":""},"img":{"alt_text":"","src":"https:\/\/i0.wp.com\/www.svejkmuseum.cz\/wp\/wp-content\/uploads\/2022\/02\/tur-pruv-sumava-2.jpg?resize=350%2C200&ssl=1","width":350,"height":200,"srcset":"https:\/\/i0.wp.com\/www.svejkmuseum.cz\/wp\/wp-content\/uploads\/2022\/02\/tur-pruv-sumava-2.jpg?resize=350%2C200&ssl=1 1x, https:\/\/i0.wp.com\/www.svejkmuseum.cz\/wp\/wp-content\/uploads\/2022\/02\/tur-pruv-sumava-2.jpg?resize=525%2C300&ssl=1 1.5x, https:\/\/i0.wp.com\/www.svejkmuseum.cz\/wp\/wp-content\/uploads\/2022\/02\/tur-pruv-sumava-2.jpg?resize=700%2C400&ssl=1 2x, https:\/\/i0.wp.com\/www.svejkmuseum.cz\/wp\/wp-content\/uploads\/2022\/02\/tur-pruv-sumava-2.jpg?resize=1050%2C600&ssl=1 3x, https:\/\/i0.wp.com\/www.svejkmuseum.cz\/wp\/wp-content\/uploads\/2022\/02\/tur-pruv-sumava-2.jpg?resize=1400%2C800&ssl=1 4x"},"classes":[]}],"jetpack_sharing_enabled":true,"_links":{"self":[{"href":"https:\/\/www.svejkmuseum.cz\/wp\/wp-json\/wp\/v2\/product\/1482","targetHints":{"allow":["GET"]}}],"collection":[{"href":"https:\/\/www.svejkmuseum.cz\/wp\/wp-json\/wp\/v2\/product"}],"about":[{"href":"https:\/\/www.svejkmuseum.cz\/wp\/wp-json\/wp\/v2\/types\/product"}],"wp:featuredmedia":[{"embeddable":true,"href":"https:\/\/www.svejkmuseum.cz\/wp\/wp-json\/wp\/v2\/media\/1518"}],"wp:attachment":[{"href":"https:\/\/www.svejkmuseum.cz\/wp\/wp-json\/wp\/v2\/media?parent=1482"}],"wp:term":[{"taxonomy":"product_brand","embeddable":true,"href":"https:\/\/www.svejkmuseum.cz\/wp\/wp-json\/wp\/v2\/product_brand?post=1482"},{"taxonomy":"product_cat","embeddable":true,"href":"https:\/\/www.svejkmuseum.cz\/wp\/wp-json\/wp\/v2\/product_cat?post=1482"},{"taxonomy":"product_tag","embeddable":true,"href":"https:\/\/www.svejkmuseum.cz\/wp\/wp-json\/wp\/v2\/product_tag?post=1482"}],"curies":[{"name":"wp","href":"https:\/\/api.w.org\/{rel}","templated":true}]}}