{"id":1422,"date":"2022-02-23T14:37:59","date_gmt":"2022-02-23T13:37:59","guid":{"rendered":"https:\/\/www.svejkmuseum.cz\/wp\/?post_type=product&#038;p=1422"},"modified":"2022-03-16T01:41:35","modified_gmt":"2022-03-16T00:41:35","slug":"c39","status":"publish","type":"product","link":"https:\/\/www.svejkmuseum.cz\/wp\/produkt\/c39\/","title":{"rendered":"Mlad\u00e1 sov\u011btsk\u00e1 poezie"},"content":{"rendered":"<p>Aby si \u010dlov\u011bk mohl ud\u011blat v dne\u0161n\u00ed slo\u017eit\u00e9 dob\u011b obr\u00e1zek o d\u011bn\u00ed v Rusku a dal\u0161\u00edch republik\u00e1ch b\u00fdval\u00e9ho Sov\u011btsk\u00e9ho Svazu, nech\u0165 se pod\u00edv\u00e1 do t\u00e9to kn\u00ed\u017ee\u010dky, kter\u00e1 vy\u0161la ji\u017e v roce <strong>1963<\/strong>! Jedn\u00e1 se o v\u00fdbor z tvorby rusk\u00fdch, ukrajinsk\u00fdch a b\u011blorusk\u00fdch b\u00e1sn\u00edk\u016f, kte\u0159\u00ed tehdy tvo\u0159ili pod jednou st\u0159echou. Seznamte se i s osudy a postoji t\u011bchto poet\u016f <em>(klik na jm\u00e9no)<\/em>:<span class=\"su-lightbox\" data-mfp-src=\"https:\/\/cs.wikipedia.org\/wiki\/Boris_Sluckij\" data-mfp-type=\"iframe\" data-mobile=\"yes\"><span style=\"color: #3366ff;\">Boris Abramovi\u010d Sluckij<\/span><\/span> | <span class=\"su-lightbox\" data-mfp-src=\"https:\/\/ru.wikipedia.org\/wiki\/%D0%92%D0%B8%D0%BD%D0%BE%D0%BA%D1%83%D1%80%D0%BE%D0%B2,_%D0%95%D0%B2%D0%B3%D0%B5%D0%BD%D0%B8%D0%B9_%D0%9C%D0%B8%D1%85%D0%B0%D0%B9%D0%BB%D0%BE%D0%B2%D0%B8%D1%87\" data-mfp-type=\"iframe\" data-mobile=\"yes\"><span style=\"color: #3366ff;\">Jevgenij Michailovi\u010d Vinokurov<\/span><\/span> | <span class=\"su-lightbox\" data-mfp-src=\"https:\/\/cs.wikipedia.org\/wiki\/Jevgenij_Alexandrovi%C4%8D_Jevtu%C5%A1enko\" data-mfp-type=\"iframe\" data-mobile=\"yes\"><span style=\"color: #3366ff;\">Jevgenij Alexandrovi\u010d Jevtu\u0161enko<\/span><\/span> | <span class=\"su-lightbox\" data-mfp-src=\"https:\/\/cs.wikipedia.org\/wiki\/Andrej_Andrejevi%C4%8D_Vozn%C4%9Bsenskij\" data-mfp-type=\"iframe\" data-mobile=\"yes\"><span style=\"color: #3366ff;\">Andrej Andrejevi\u010d Vozn\u011bsenskij<\/span><\/span> | <span class=\"su-lightbox\" data-mfp-src=\"https:\/\/cs.wikipedia.org\/wiki\/Bella_Achmadulinov%C3%A1\" data-mfp-type=\"iframe\" data-mobile=\"yes\"><span style=\"color: #3366ff;\">Bella Achmadulinov\u00e1<\/span><\/span> | <span class=\"su-lightbox\" data-mfp-src=\"https:\/\/en.wikipedia.org\/wiki\/Yunna_Morits\" data-mfp-type=\"iframe\" data-mobile=\"yes\"><span style=\"color: #3366ff;\">Junna Petrovna Moricov\u00e1<\/span><\/span> | <span class=\"su-lightbox\" data-mfp-src=\"https:\/\/ru.wikipedia.org\/wiki\/%D0%A0%D0%BE%D0%B6%D0%B4%D0%B5%D1%81%D1%82%D0%B2%D0%B5%D0%BD%D1%81%D0%BA%D0%B8%D0%B9,_%D0%A0%D0%BE%D0%B1%D0%B5%D1%80%D1%82_%D0%98%D0%B2%D0%B0%D0%BD%D0%BE%D0%B2%D0%B8%D1%87\" data-mfp-type=\"iframe\" data-mobile=\"yes\"><span style=\"color: #3366ff;\">Robert Ivanovi\u010d Ro\u017ed\u011bstv\u011bnskij<\/span><\/span> | <span class=\"su-lightbox\" data-mfp-src=\"https:\/\/ru.wikipedia.org\/wiki\/%D0%A6%D1%8B%D0%B1%D0%B8%D0%BD,_%D0%92%D0%BB%D0%B0%D0%B4%D0%B8%D0%BC%D0%B8%D1%80_%D0%94%D0%BC%D0%B8%D1%82%D1%80%D0%B8%D0%B5%D0%B2%D0%B8%D1%87\" data-mfp-type=\"iframe\" data-mobile=\"yes\"><span style=\"color: #3366ff;\">Vladim\u00edr Dimitrijevi\u010d Cybin<\/span><\/span> | <span class=\"su-lightbox\" data-mfp-src=\"https:\/\/ru.wikipedia.org\/wiki\/%D0%95%D0%B2%D1%81%D0%B5%D0%B5%D0%B2%D0%B0,_%D0%A1%D0%B2%D0%B5%D1%82%D0%BB%D0%B0%D0%BD%D0%B0_%D0%93%D0%B5%D0%BE%D1%80%D0%B3%D0%B8%D0%B5%D0%B2%D0%BD%D0%B0\" data-mfp-type=\"iframe\" data-mobile=\"yes\"><span style=\"color: #3366ff;\">Sv\u011btlana Georgijevna Jevsejevov\u00e1<\/span><\/span> | <span class=\"su-lightbox\" data-mfp-src=\"https:\/\/cs.wikipedia.org\/wiki\/Novella_Nikolajevna_Matvejevov%C3%A1\" data-mfp-type=\"iframe\" data-mobile=\"yes\"><span style=\"color: #3366ff;\">Novella Nikolajevna Matvejevov\u00e1<\/span><\/span> | <span class=\"su-lightbox\" data-mfp-src=\"https:\/\/ru.wikipedia.org\/wiki\/%D0%90%D0%B3%D0%B5%D0%B5%D0%B2,_%D0%9B%D0%B5%D0%BE%D0%BD%D0%B8%D0%B4_%D0%9C%D0%B0%D1%80%D1%82%D0%B5%D0%BC%D1%8C%D1%8F%D0%BD%D0%BE%D0%B2%D0%B8%D1%87\" data-mfp-type=\"iframe\" data-mobile=\"yes\"><span style=\"color: #3366ff;\">Leonid Mart\u011bmjanovi\u010d Agejev<\/span><\/span> | <span class=\"su-lightbox\" data-mfp-src=\"https:\/\/cs.wikipedia.org\/wiki\/Gennadij_Ajgi\" data-mfp-type=\"iframe\" data-mobile=\"yes\"><span style=\"color: #3366ff;\">Gennadij Nikolajevi\u010d Ajgi<\/span> <\/span> | <span class=\"su-lightbox\" data-mfp-src=\"https:\/\/en.wikipedia.org\/wiki\/Victor_Sosnora\" data-mfp-type=\"iframe\" data-mobile=\"yes\"><span style=\"color: #3366ff;\">Viktor Alexandrovi\u010d Sosnora<\/span><\/span> | <span class=\"su-lightbox\" data-mfp-src=\"https:\/\/ru.wikipedia.org\/wiki\/%D0%9F%D0%BE%D0%BF%D0%B5%D1%80%D0%B5%D1%87%D0%BD%D1%8B%D0%B9,_%D0%90%D0%BD%D0%B0%D1%82%D0%BE%D0%BB%D0%B8%D0%B9_%D0%93%D1%80%D0%B8%D0%B3%D0%BE%D1%80%D1%8C%D0%B5%D0%B2%D0%B8%D1%87\" data-mfp-type=\"iframe\" data-mobile=\"yes\"><span style=\"color: #3366ff;\">Anatolij Grigorijevi\u010d Popere\u010dnyj<\/span><\/span> | <span class=\"su-lightbox\" data-mfp-src=\"https:\/\/ru.wikipedia.org\/wiki\/%D0%A4%D0%B0%D0%B9%D0%BD%D0%B1%D0%B5%D1%80%D0%B3,_%D0%92%D0%BB%D0%B0%D0%B4%D0%B8%D0%BC%D0%B8%D1%80_%D0%9B%D1%8C%D0%B2%D0%BE%D0%B2%D0%B8%D1%87\" data-mfp-type=\"iframe\" data-mobile=\"yes\"><span style=\"color: #3366ff;\">Vladim\u00edr Lvovi\u010d Fajnberg<\/span><\/span> | <span class=\"su-lightbox\" data-mfp-src=\"https:\/\/cs.wikipedia.org\/wiki\/Fazyl_Abdulovi%C4%8D_Iskander\" data-mfp-type=\"iframe\" data-mobile=\"yes\"><span style=\"color: #3366ff;\">Iskander Abdulovi\u010d Fazyl<\/span><\/span> | <span class=\"su-lightbox\" data-mfp-src=\"https:\/\/cs.wikipedia.org\/wiki\/Bulat_Okud%C5%BEava\" data-mfp-type=\"iframe\" data-mobile=\"yes\"><span style=\"color: #3366ff;\">Bulat \u0160alvovi\u010d Okud\u017eava<\/span><\/span>.<\/p>\n<p>&nbsp;<\/p>\n","protected":false},"excerpt":{"rendered":"<p>Autor: viz popis<\/p>\n<p>Editor: Sv\u011bt Sov\u011bt\u016f<\/p>\n<p>N\u00e1zev: Mlad\u00e1 sov\u011btsk\u00e1 poezie<\/p>\n<p>Podtitul:<\/p>\n<p>Rok vyd\u00e1n\u00ed: 1963 Sv\u011bt Sov\u011bt\u016f Praha<\/p>\n","protected":false},"featured_media":1426,"template":"","meta":[],"product_brand":[],"product_cat":[51],"product_tag":[],"class_list":{"0":"post-1422","1":"product","2":"type-product","3":"status-publish","4":"has-post-thumbnail","6":"product_cat-poezie","7":"pa_barva-bez","8":"pa_prebal-posk_prebal","9":"pa_stav-bezny","10":"pa_vazba-kplatno","12":"first","13":"instock","14":"shipping-taxable","15":"purchasable","16":"product-type-simple"},"jetpack-related-posts":[{"id":1608,"url":"https:\/\/www.svejkmuseum.cz\/wp\/produkt\/f19\/","url_meta":{"origin":1422,"position":0},"title":"Fyzika pro ka\u017ed\u00e9ho","author":"Jaroslav \u0160er\u00e1k","date":"1. 3. 2022","format":false,"excerpt":"Autor: ; Editor: N\u00e1zev: Fyzika pro ka\u017ed\u00e9ho Podtitul: Rok vyd\u00e1n\u00ed: 1974 Horizont","rel":"","context":"Podobn\u00fd p\u0159\u00edsp\u011bvek","block_context":{"text":"Podobn\u00fd p\u0159\u00edsp\u011bvek","link":""},"img":{"alt_text":"","src":"https:\/\/i0.wp.com\/www.svejkmuseum.cz\/wp\/wp-content\/uploads\/2022\/03\/P1060612.jpg?resize=350%2C200&ssl=1","width":350,"height":200,"srcset":"https:\/\/i0.wp.com\/www.svejkmuseum.cz\/wp\/wp-content\/uploads\/2022\/03\/P1060612.jpg?resize=350%2C200&ssl=1 1x, https:\/\/i0.wp.com\/www.svejkmuseum.cz\/wp\/wp-content\/uploads\/2022\/03\/P1060612.jpg?resize=525%2C300&ssl=1 1.5x, https:\/\/i0.wp.com\/www.svejkmuseum.cz\/wp\/wp-content\/uploads\/2022\/03\/P1060612.jpg?resize=700%2C400&ssl=1 2x, https:\/\/i0.wp.com\/www.svejkmuseum.cz\/wp\/wp-content\/uploads\/2022\/03\/P1060612.jpg?resize=1050%2C600&ssl=1 3x, https:\/\/i0.wp.com\/www.svejkmuseum.cz\/wp\/wp-content\/uploads\/2022\/03\/P1060612.jpg?resize=1400%2C800&ssl=1 4x"},"classes":[]},{"id":1061,"url":"https:\/\/www.svejkmuseum.cz\/wp\/produkt\/b8-2\/","url_meta":{"origin":1422,"position":1},"title":"P\u00edsn\u011b a lamentace","author":"Jaroslav \u0160er\u00e1k","date":"5. 2. 2022","format":false,"excerpt":"Autor: Heinrich Heine Editor: Klub p\u0159\u00e1tel poezie N\u00e1zev: P\u00edsn\u011b a lamentace Podtitul: Rok vyd\u00e1n\u00ed: 1966","rel":"","context":"Podobn\u00fd p\u0159\u00edsp\u011bvek","block_context":{"text":"Podobn\u00fd p\u0159\u00edsp\u011bvek","link":""},"img":{"alt_text":"","src":"https:\/\/i0.wp.com\/www.svejkmuseum.cz\/wp\/wp-content\/uploads\/2022\/02\/heine-pisne-a-lamentace-1.jpg?resize=350%2C200&ssl=1","width":350,"height":200,"srcset":"https:\/\/i0.wp.com\/www.svejkmuseum.cz\/wp\/wp-content\/uploads\/2022\/02\/heine-pisne-a-lamentace-1.jpg?resize=350%2C200&ssl=1 1x, https:\/\/i0.wp.com\/www.svejkmuseum.cz\/wp\/wp-content\/uploads\/2022\/02\/heine-pisne-a-lamentace-1.jpg?resize=525%2C300&ssl=1 1.5x, https:\/\/i0.wp.com\/www.svejkmuseum.cz\/wp\/wp-content\/uploads\/2022\/02\/heine-pisne-a-lamentace-1.jpg?resize=700%2C400&ssl=1 2x, https:\/\/i0.wp.com\/www.svejkmuseum.cz\/wp\/wp-content\/uploads\/2022\/02\/heine-pisne-a-lamentace-1.jpg?resize=1050%2C600&ssl=1 3x, https:\/\/i0.wp.com\/www.svejkmuseum.cz\/wp\/wp-content\/uploads\/2022\/02\/heine-pisne-a-lamentace-1.jpg?resize=1400%2C800&ssl=1 4x"},"classes":[]},{"id":1122,"url":"https:\/\/www.svejkmuseum.cz\/wp\/produkt\/c19\/","url_meta":{"origin":1422,"position":2},"title":"Ext\u00e1ze","author":"Jaroslav \u0160er\u00e1k","date":"8. 2. 2022","format":false,"excerpt":"Autor: John Donne Editor: Mlad\u00e1 fronta N\u00e1zev: Ext\u00e1ze Podtitul: Rok vyd\u00e1n\u00ed: 1967","rel":"","context":"Podobn\u00fd p\u0159\u00edsp\u011bvek","block_context":{"text":"Podobn\u00fd p\u0159\u00edsp\u011bvek","link":""},"img":{"alt_text":"","src":"https:\/\/i0.wp.com\/www.svejkmuseum.cz\/wp\/wp-content\/uploads\/2022\/02\/extaze-donne-1.jpg?resize=350%2C200&ssl=1","width":350,"height":200,"srcset":"https:\/\/i0.wp.com\/www.svejkmuseum.cz\/wp\/wp-content\/uploads\/2022\/02\/extaze-donne-1.jpg?resize=350%2C200&ssl=1 1x, https:\/\/i0.wp.com\/www.svejkmuseum.cz\/wp\/wp-content\/uploads\/2022\/02\/extaze-donne-1.jpg?resize=525%2C300&ssl=1 1.5x, https:\/\/i0.wp.com\/www.svejkmuseum.cz\/wp\/wp-content\/uploads\/2022\/02\/extaze-donne-1.jpg?resize=700%2C400&ssl=1 2x, https:\/\/i0.wp.com\/www.svejkmuseum.cz\/wp\/wp-content\/uploads\/2022\/02\/extaze-donne-1.jpg?resize=1050%2C600&ssl=1 3x, https:\/\/i0.wp.com\/www.svejkmuseum.cz\/wp\/wp-content\/uploads\/2022\/02\/extaze-donne-1.jpg?resize=1400%2C800&ssl=1 4x"},"classes":[]},{"id":1123,"url":"https:\/\/www.svejkmuseum.cz\/wp\/produkt\/c20\/","url_meta":{"origin":1422,"position":3},"title":"T\u0159in\u00e1ct kytar","author":"Jaroslav \u0160er\u00e1k","date":"8. 2. 2022","format":false,"excerpt":"Autor: Josef Kainar Editor: Mlad\u00e1 fronta N\u00e1zev: T\u0159in\u00e1ct Kytar Podtitul: Rok vyd\u00e1n\u00ed: 1967","rel":"","context":"Podobn\u00fd p\u0159\u00edsp\u011bvek","block_context":{"text":"Podobn\u00fd p\u0159\u00edsp\u011bvek","link":""},"img":{"alt_text":"","src":"https:\/\/i0.wp.com\/www.svejkmuseum.cz\/wp\/wp-content\/uploads\/2022\/02\/trinact-kytar-kainar-1-scaled.jpg?resize=350%2C200&ssl=1","width":350,"height":200,"srcset":"https:\/\/i0.wp.com\/www.svejkmuseum.cz\/wp\/wp-content\/uploads\/2022\/02\/trinact-kytar-kainar-1-scaled.jpg?resize=350%2C200&ssl=1 1x, https:\/\/i0.wp.com\/www.svejkmuseum.cz\/wp\/wp-content\/uploads\/2022\/02\/trinact-kytar-kainar-1-scaled.jpg?resize=525%2C300&ssl=1 1.5x, https:\/\/i0.wp.com\/www.svejkmuseum.cz\/wp\/wp-content\/uploads\/2022\/02\/trinact-kytar-kainar-1-scaled.jpg?resize=700%2C400&ssl=1 2x, https:\/\/i0.wp.com\/www.svejkmuseum.cz\/wp\/wp-content\/uploads\/2022\/02\/trinact-kytar-kainar-1-scaled.jpg?resize=1050%2C600&ssl=1 3x, https:\/\/i0.wp.com\/www.svejkmuseum.cz\/wp\/wp-content\/uploads\/2022\/02\/trinact-kytar-kainar-1-scaled.jpg?resize=1400%2C800&ssl=1 4x"},"classes":[]},{"id":1133,"url":"https:\/\/www.svejkmuseum.cz\/wp\/produkt\/c21\/","url_meta":{"origin":1422,"position":4},"title":"B\u00e1sn\u011b","author":"Jaroslav \u0160er\u00e1k","date":"10. 2. 2022","format":false,"excerpt":"Autor: Paul Valery Editor: Mlad\u00e1 fronta N\u00e1zev: B\u00e1sn\u011b Podtitul: Rok vyd\u00e1n\u00ed: 1966","rel":"","context":"Podobn\u00fd p\u0159\u00edsp\u011bvek","block_context":{"text":"Podobn\u00fd p\u0159\u00edsp\u011bvek","link":""},"img":{"alt_text":"","src":"https:\/\/i0.wp.com\/www.svejkmuseum.cz\/wp\/wp-content\/uploads\/2022\/02\/basne-valery-1-scaled.jpg?resize=350%2C200&ssl=1","width":350,"height":200,"srcset":"https:\/\/i0.wp.com\/www.svejkmuseum.cz\/wp\/wp-content\/uploads\/2022\/02\/basne-valery-1-scaled.jpg?resize=350%2C200&ssl=1 1x, https:\/\/i0.wp.com\/www.svejkmuseum.cz\/wp\/wp-content\/uploads\/2022\/02\/basne-valery-1-scaled.jpg?resize=525%2C300&ssl=1 1.5x, https:\/\/i0.wp.com\/www.svejkmuseum.cz\/wp\/wp-content\/uploads\/2022\/02\/basne-valery-1-scaled.jpg?resize=700%2C400&ssl=1 2x, https:\/\/i0.wp.com\/www.svejkmuseum.cz\/wp\/wp-content\/uploads\/2022\/02\/basne-valery-1-scaled.jpg?resize=1050%2C600&ssl=1 3x, https:\/\/i0.wp.com\/www.svejkmuseum.cz\/wp\/wp-content\/uploads\/2022\/02\/basne-valery-1-scaled.jpg?resize=1400%2C800&ssl=1 4x"},"classes":[]},{"id":1663,"url":"https:\/\/www.svejkmuseum.cz\/wp\/produkt\/b22\/","url_meta":{"origin":1422,"position":5},"title":"Hrob nezav\u0159el se","author":"Jaroslav \u0160er\u00e1k","date":"7. 3. 2022","format":false,"excerpt":"Autor:\u00a0 Editor: N\u00e1zev: Hrob nezav\u0159el se Podtitul: Rok vyd\u00e1n\u00ed: 1969","rel":"","context":"Podobn\u00fd p\u0159\u00edsp\u011bvek","block_context":{"text":"Podobn\u00fd p\u0159\u00edsp\u011bvek","link":""},"img":{"alt_text":"","src":"https:\/\/i0.wp.com\/www.svejkmuseum.cz\/wp\/wp-content\/uploads\/2022\/03\/hrob-nezavrel-se-orten-2.jpg?resize=350%2C200&ssl=1","width":350,"height":200,"srcset":"https:\/\/i0.wp.com\/www.svejkmuseum.cz\/wp\/wp-content\/uploads\/2022\/03\/hrob-nezavrel-se-orten-2.jpg?resize=350%2C200&ssl=1 1x, https:\/\/i0.wp.com\/www.svejkmuseum.cz\/wp\/wp-content\/uploads\/2022\/03\/hrob-nezavrel-se-orten-2.jpg?resize=525%2C300&ssl=1 1.5x, https:\/\/i0.wp.com\/www.svejkmuseum.cz\/wp\/wp-content\/uploads\/2022\/03\/hrob-nezavrel-se-orten-2.jpg?resize=700%2C400&ssl=1 2x, https:\/\/i0.wp.com\/www.svejkmuseum.cz\/wp\/wp-content\/uploads\/2022\/03\/hrob-nezavrel-se-orten-2.jpg?resize=1050%2C600&ssl=1 3x, https:\/\/i0.wp.com\/www.svejkmuseum.cz\/wp\/wp-content\/uploads\/2022\/03\/hrob-nezavrel-se-orten-2.jpg?resize=1400%2C800&ssl=1 4x"},"classes":[]}],"jetpack_sharing_enabled":true,"_links":{"self":[{"href":"https:\/\/www.svejkmuseum.cz\/wp\/wp-json\/wp\/v2\/product\/1422","targetHints":{"allow":["GET"]}}],"collection":[{"href":"https:\/\/www.svejkmuseum.cz\/wp\/wp-json\/wp\/v2\/product"}],"about":[{"href":"https:\/\/www.svejkmuseum.cz\/wp\/wp-json\/wp\/v2\/types\/product"}],"wp:featuredmedia":[{"embeddable":true,"href":"https:\/\/www.svejkmuseum.cz\/wp\/wp-json\/wp\/v2\/media\/1426"}],"wp:attachment":[{"href":"https:\/\/www.svejkmuseum.cz\/wp\/wp-json\/wp\/v2\/media?parent=1422"}],"wp:term":[{"taxonomy":"product_brand","embeddable":true,"href":"https:\/\/www.svejkmuseum.cz\/wp\/wp-json\/wp\/v2\/product_brand?post=1422"},{"taxonomy":"product_cat","embeddable":true,"href":"https:\/\/www.svejkmuseum.cz\/wp\/wp-json\/wp\/v2\/product_cat?post=1422"},{"taxonomy":"product_tag","embeddable":true,"href":"https:\/\/www.svejkmuseum.cz\/wp\/wp-json\/wp\/v2\/product_tag?post=1422"}],"curies":[{"name":"wp","href":"https:\/\/api.w.org\/{rel}","templated":true}]}}