{"id":1218,"date":"2022-02-15T00:34:24","date_gmt":"2022-02-14T23:34:24","guid":{"rendered":"https:\/\/www.svejkmuseum.cz\/wp\/?post_type=product&#038;p=1218"},"modified":"2022-03-06T12:16:46","modified_gmt":"2022-03-06T11:16:46","slug":"c36","status":"publish","type":"product","link":"https:\/\/www.svejkmuseum.cz\/wp\/produkt\/c36\/","title":{"rendered":"V\u00edt\u011bzn\u00e9 V"},"content":{"rendered":"<p>Z\u00e1znamy z vys\u00edl\u00e1n\u00ed z USA Ji\u0159\u00edho Voskovce a Jana Wericha. Mluven\u00e9 slovo i jejich p\u00edsni\u010dky<\/p>\n","protected":false},"excerpt":{"rendered":"<p>Autor: Voskovec a Werich<\/p>\n<p>Editor:<\/p>\n<p>N\u00e1zev: V\u00edt\u011bzn\u00e9 V<\/p>\n<p>Podtitul: Rozhlasov\u00e9 vys\u00edl\u00e1n\u00ed z USA 1941 &#8211; 1942<\/p>\n<p>Rok vyd\u00e1n\u00ed: 2005<\/p>\n","protected":false},"featured_media":1225,"template":"","meta":[],"product_brand":[],"product_cat":[169,69,137,170],"product_tag":[171],"class_list":{"0":"post-1218","1":"product","2":"type-product","3":"status-publish","4":"has-post-thumbnail","6":"product_cat-cd-dvd","7":"product_cat-drama","8":"product_cat-hudba","9":"product_cat-mluvene-slovo","10":"product_tag-vw","11":"pa_stav-cd-mp3","13":"first","14":"instock","15":"shipping-taxable","16":"purchasable","17":"product-type-simple"},"jetpack-related-posts":[{"id":2411,"url":"https:\/\/www.svejkmuseum.cz\/wp\/produkt\/j38\/","url_meta":{"origin":1218,"position":0},"title":"Pozem\u0161\u0165an\u00e9 a mimozem\u0161\u0165an\u00e9","author":"Jaroslav \u0160er\u00e1k","date":"24. 5. 2022","format":false,"excerpt":"Autor: R\u016fzn\u00ed auto\u0159i Editor: Ivo \u017delezn\u00fd N\u00e1zev: Pozem\u0161\u0165an\u00e9 a mimozem\u0161\u0165an\u00e9 Podtitul: Rok vyd\u00e1n\u00ed: 1981 Svoboda","rel":"","context":"Podobn\u00fd p\u0159\u00edsp\u011bvek","block_context":{"text":"Podobn\u00fd p\u0159\u00edsp\u011bvek","link":""},"img":{"alt_text":"","src":"https:\/\/i0.wp.com\/www.svejkmuseum.cz\/wp\/wp-content\/uploads\/2022\/05\/pozemstane-a-mimozemstane.jpg?resize=350%2C200&ssl=1","width":350,"height":200,"srcset":"https:\/\/i0.wp.com\/www.svejkmuseum.cz\/wp\/wp-content\/uploads\/2022\/05\/pozemstane-a-mimozemstane.jpg?resize=350%2C200&ssl=1 1x, https:\/\/i0.wp.com\/www.svejkmuseum.cz\/wp\/wp-content\/uploads\/2022\/05\/pozemstane-a-mimozemstane.jpg?resize=525%2C300&ssl=1 1.5x, https:\/\/i0.wp.com\/www.svejkmuseum.cz\/wp\/wp-content\/uploads\/2022\/05\/pozemstane-a-mimozemstane.jpg?resize=700%2C400&ssl=1 2x, https:\/\/i0.wp.com\/www.svejkmuseum.cz\/wp\/wp-content\/uploads\/2022\/05\/pozemstane-a-mimozemstane.jpg?resize=1050%2C600&ssl=1 3x, https:\/\/i0.wp.com\/www.svejkmuseum.cz\/wp\/wp-content\/uploads\/2022\/05\/pozemstane-a-mimozemstane.jpg?resize=1400%2C800&ssl=1 4x"},"classes":[]}],"jetpack_sharing_enabled":true,"_links":{"self":[{"href":"https:\/\/www.svejkmuseum.cz\/wp\/wp-json\/wp\/v2\/product\/1218","targetHints":{"allow":["GET"]}}],"collection":[{"href":"https:\/\/www.svejkmuseum.cz\/wp\/wp-json\/wp\/v2\/product"}],"about":[{"href":"https:\/\/www.svejkmuseum.cz\/wp\/wp-json\/wp\/v2\/types\/product"}],"wp:featuredmedia":[{"embeddable":true,"href":"https:\/\/www.svejkmuseum.cz\/wp\/wp-json\/wp\/v2\/media\/1225"}],"wp:attachment":[{"href":"https:\/\/www.svejkmuseum.cz\/wp\/wp-json\/wp\/v2\/media?parent=1218"}],"wp:term":[{"taxonomy":"product_brand","embeddable":true,"href":"https:\/\/www.svejkmuseum.cz\/wp\/wp-json\/wp\/v2\/product_brand?post=1218"},{"taxonomy":"product_cat","embeddable":true,"href":"https:\/\/www.svejkmuseum.cz\/wp\/wp-json\/wp\/v2\/product_cat?post=1218"},{"taxonomy":"product_tag","embeddable":true,"href":"https:\/\/www.svejkmuseum.cz\/wp\/wp-json\/wp\/v2\/product_tag?post=1218"}],"curies":[{"name":"wp","href":"https:\/\/api.w.org\/{rel}","templated":true}]}}